{"id":11352,"date":"2021-08-15T20:08:48","date_gmt":"2021-08-15T20:08:48","guid":{"rendered":"https:\/\/haitises.com\/?post_type=product&#038;p=11352"},"modified":"2024-04-05T21:50:16","modified_gmt":"2024-04-05T21:50:16","slug":"los-haitises-national-park-hiking-4-hours-sendero-del-bosque-humedo-moist-forest-trail-2","status":"publish","type":"product","link":"https:\/\/whalewatchingsamanasantuary.com\/tr\/private\/los-haitises-national-park-hiking-4-hours-sendero-del-bosque-humedo-moist-forest-trail-2\/","title":{"rendered":"Los Haitises Ulusal Park\u0131 - 4 Saat Nemli Orman Yolu Y\u00fcr\u00fcy\u00fc\u015f\u00fc."},"content":{"rendered":"<div class=\"vc_row wpb_row vc_row-fluid\" ><div class=\"wpb_column vc_column_container vc_col-sm-12\"><div class=\"vc_column-inner\"><div class=\"wpb_wrapper\"><div class=\"mkdf-section-title-holder\" style=\"text-align: left\">\n\t<div class=\"mkdf-st-inner\">\n\t\t\t\t\t<h5 class=\"mkdf-st-subtitle\" >\n\t\t\t\tHiking the Rain Forest.\t\t\t<\/h5>\n\t\t\t\t\t\t\t<h3 class=\"mkdf-st-title\" >\n\t\t\t\tLos Haitises National Park - Hiking 4 Hours Sendero del Bosque Humedo (Moist Forest Trail).\t\t\t<\/h3>\n\t\t\t\t\t\t\t<p class=\"mkdf-st-text\" >\n\t\t\t\tThis Experience Need a Minimum of 4 Participants. If you are not 4 please feel free to contact us!\t\t\t<\/p>\n\t\t\t<\/div>\n<\/div><\/div><\/div><\/div><\/div><div class=\"vc_row wpb_row vc_row-fluid\" ><div class=\"wpb_column vc_column_container vc_col-sm-12\"><div class=\"vc_column-inner\"><div class=\"wpb_wrapper\">\n\t<div class=\"wpb_text_column wpb_content_element\" >\n\t\t<div class=\"wpb_wrapper\">\n\t\t\t<h4><b><i>Genel Bak\u0131\u015f <\/i><\/b><\/h4>\n<p>Los Haitises National park starting from Cano Hondo or Sabana de la mar, excursion on the Sendero del Bosque Humedo (Moist Forest Trail) involves walking thru the forest from Ca\u00f1o Hondo to Ca\u00f1o Salado to take a short boat ride back to the dock. The trail is 3.8 km (2.4 miles) long and takes approximately 2 hr in Just One way.<\/p>\n<p>After this experience, you will get Back to Cano Hondo or Sabana de la mar.<\/p>\n<ul>\n<li style=\"font-weight: 400;\">\u00dccretler dahil<\/li>\n<li>Los Haitises National park Hiking Trip<\/li>\n<li style=\"font-weight: 400;\"><span style=\"font-weight: 400;\">K\u0131lavuz talimat ve g\u00f6zetim sa\u011flar<\/span><\/li>\n<\/ul>\n<p>&nbsp;<\/p>\n<h4><b>Dahil Edilenler ve Hari\u00e7 Tutulanlar<\/b><\/h4>\n<p>&nbsp;<\/p>\n<p><b>Kapsamalar<\/b><\/p>\n<p>&nbsp;<\/p>\n<ol>\n<li style=\"font-weight: 400;\">Los Haitises Ulusal Park\u0131<\/li>\n<li style=\"font-weight: 400;\"><span style=\"font-weight: 400;\">T\u00fcm vergiler, har\u00e7lar ve i\u015flem \u00fccretleri<\/span><\/li>\n<li style=\"font-weight: 400;\"><span style=\"font-weight: 400;\">Yerel vergiler<\/span><\/li>\n<li style=\"font-weight: 400;\"><span style=\"font-weight: 400;\">\u0130\u00e7ecekler<\/span><\/li>\n<li style=\"font-weight: 400;\"><span style=\"font-weight: 400;\">T\u00fcm faaliyetler<\/span><\/li>\n<li style=\"font-weight: 400;\"><span style=\"font-weight: 400;\">Yerel rehber<\/span><\/li>\n<\/ol>\n<p><b> \u0130stisnalar<\/b><\/p>\n<ol>\n<li style=\"font-weight: 400;\"><span style=\"font-weight: 400;\">Bah\u015fi\u015fler<\/span><\/li>\n<li style=\"font-weight: 400;\"><span style=\"font-weight: 400;\">Aktar<\/span><\/li>\n<li>\u00d6\u011fle yeme\u011fi<\/li>\n<li style=\"font-weight: 400;\"><span style=\"font-weight: 400;\">Alkoll\u00fc i\u00e7ecekler<\/span><\/li>\n<\/ol>\n<p>&nbsp;<\/p>\n<h4><em><strong>Gidi\u015f &amp; D\u00f6n\u00fc\u015f<\/strong><\/em><\/h4>\n<p><span style=\"font-weight: 400;\">The traveler will get a meeting point after the Reservation Process. Tours start and Finish in our meeting points.<\/span><\/p>\n<p>&nbsp;<\/p>\n<h2>Los Haitises Ulusal Park\u0131 - 4 Saat Nemli Orman Yolu Y\u00fcr\u00fcy\u00fc\u015f\u00fc.<\/h2>\n<h4><b><i>Ne bekleyebilece\u011finizi?<\/i><\/b><\/h4>\n<p>Visiting Los Haitises National Park\u00a0 Hiking 4 Hours in the humist forest where you will see the human impacts in this National park. Learning about History and Nature with Locals tours guides that Grow up as Emvoromental protectors and Volunteers inside of this protect area.<\/p>\n<p>The tour, organized by \u00abBooking Adventures\u00bb starts at the meeting point set with the Tour Guide. After an initial walk through fields and farmlands, you will begin to walk by the Coconuct and Cacao Forest.\u00a0 Getting every minute inside of the primary and unique conserve forest area inside of Los Haitises National Park. Come with Booking Adventures and start checking some Endemics Birds, Mammals and Plants species, rolling hills of lush vegetation and caves of <em><strong>Los Haitises Ulusal Park\u0131<\/strong><\/em>.<\/p>\n<div class=\"body-description secondary\">\n<p>The national park\u2019s name comes from its original inhabitants, the Taino Indians. In their language \u201cHaitises\u201d translates to highlands or Hills, a reference to the coastline\u2019s steep geological formations with Limestones. Aventure deeper into the park to explore caves such as the <em><strong>Cueva de la Arena<\/strong><\/em> Ve <strong><em>Cueva de la L\u00ednea. You can match the boat tour with the Hiking trip. Just Contact us.<\/em><\/strong><\/p>\n<p>Caves in the reserve were used as shelter by the Taino Indians and, later, by hiding pirates. Look for drawings by Indians that decorate some of the walls. In the Rain Forest, there are more than 700 hundreds species of plants, we try to teach visitors about all medical plants that we know in this hiking trail.<\/p>\n<p>Come to learn, Hike and enyoy the real nature of Los Haitises National Park.<\/p>\n<\/div>\n<p>&nbsp;<\/p>\n<h4><em><strong>Ne getirmelisiniz?<\/strong><\/em><\/h4>\n<ul>\n<li style=\"font-weight: 400;\"><span style=\"font-weight: 400;\">kamera<\/span><\/li>\n<li style=\"font-weight: 400;\"><span style=\"font-weight: 400;\">Kovucu tomurcuklar<\/span><\/li>\n<li style=\"font-weight: 400;\"><span style=\"font-weight: 400;\">G\u00fcne\u015f Kremi<\/span><\/li>\n<li style=\"font-weight: 400;\"><span style=\"font-weight: 400;\">\u015eapka<\/span><\/li>\n<li style=\"font-weight: 400;\"><span style=\"font-weight: 400;\">Rahat pantolon<\/span><\/li>\n<li style=\"font-weight: 400;\"><span style=\"font-weight: 400;\">Orman i\u00e7in y\u00fcr\u00fcy\u00fc\u015f ayakkab\u0131s\u0131<\/span><\/li>\n<li style=\"font-weight: 400;\"><span style=\"font-weight: 400;\">Bahar b\u00f6lgelerine sandaletler.<\/span><\/li>\n<li style=\"font-weight: 400;\"><span style=\"font-weight: 400;\">Y\u00fczme giysileri<\/span><\/li>\n<\/ul>\n<p>&nbsp;<\/p>\n<h4><b><i>Otelden Alma <\/i><\/b><\/h4>\n<p><span style=\"font-weight: 400;\">Hotel pick-up is not offered for this tour. Just if you are in Cano Hondo Hotels.<\/span><\/p>\n<p><b>Not:<\/b><span style=\"font-weight: 400;\"> If you are booking within 24 hours of the tour\/Excursion departure time, we can arrangements hotel pick-up with extra Charges from any place of The Dominican Republic. Once your purchase is complete, we will send you complete contact information (phone number, email address, etc.) for our local Tour guide to organize pick-up arrangements.<\/span><\/p>\n<h4><b><i>Ek Bilgi Onay\u0131 <\/i><\/b><\/h4>\n<ol>\n<li>Biletler bu Turu \u00f6dedikten sonra al\u0131nan Makbuzdur. \u00d6demeyi telefonunuzda g\u00f6sterebilirsiniz.<\/li>\n<li style=\"font-weight: 400;\"><span style=\"font-weight: 400;\">Rezervasyon \u0130\u015fleminden Sonra Bulu\u015fma Noktas\u0131na Al\u0131nacakt\u0131r.<\/span><\/li>\n<li style=\"font-weight: 400;\"><span style=\"font-weight: 400;\">\u00c7ocuklara bir yeti\u015fkinin e\u015flik etmesi gerekmektedir.<\/span><\/li>\n<li style=\"font-weight: 400;\"><span style=\"font-weight: 400;\"> Tekerlekli sandalye eri\u015fimine uygun de\u011fil <\/span><\/li>\n<li style=\"font-weight: 400;\"><span style=\"font-weight: 400;\">Bebekler kucakta oturmal\u0131 <\/span><\/li>\n<li style=\"font-weight: 400;\"><span style=\"font-weight: 400;\">S\u0131rt sorunu olan gezginler i\u00e7in \u00f6nerilmez<\/span><\/li>\n<li style=\"font-weight: 400;\"><span style=\"font-weight: 400;\">Hamile gezginler i\u00e7in \u00f6nerilmez <\/span><\/li>\n<li style=\"font-weight: 400;\"><span style=\"font-weight: 400;\"> Kalp problemi veya ba\u015fka ciddi t\u0131bbi durum yok <\/span><\/li>\n<li style=\"font-weight: 400;\"><span style=\"font-weight: 400;\">\u00c7o\u011fu gezgin kat\u0131labilir<\/span><\/li>\n<\/ol>\n<h4><b><i>\u0130ptal politikas\u0131<\/i><\/b><\/h4>\n<p><span style=\"font-weight: 400;\">Tam geri \u00f6deme i\u00e7in, deneyimin ba\u015flang\u0131\u00e7 tarihinden en az 24 saat \u00f6nce iptal edin. Rezervasyonun seyahatle ayn\u0131 g\u00fcn iptal edilmesi durumunda fonlar kaybedilecektir.<\/span><\/p>\n\n\t\t<\/div>\n\t<\/div>\n<\/div><\/div><\/div><\/div><div class=\"vc_row wpb_row vc_row-fluid\" ><div class=\"wpb_column vc_column_container vc_col-sm-12\"><div class=\"vc_column-inner\"><div class=\"wpb_wrapper\"><div class=\"vc_empty_space\"   style=\"height: 32px\"><span class=\"vc_empty_space_inner\"><\/span><\/div>\n\t<div class=\"wpb_text_column wpb_content_element\" >\n\t\t<div class=\"wpb_wrapper\">\n\t\t\t<h4>Bize Ula\u015f\u0131n?<\/h4>\n<h5>Rezervasyon Maceralar\u0131<\/h5>\n<p><em><strong>Yerliler<\/strong>\u00a0Ve\u00a0<strong>Vatanda\u015flar<\/strong>\u00a0Tur Rehberleri ve Misafir Hizmetleri<\/em><\/p>\n<p><span class=\"text-turquoise\">Rezervasyonlar:<\/span>\u00a0Dom. Cum. s\u0131n\u0131rlar\u0131ndaki Turlar ve Geziler<\/p>\n<p><img decoding=\"async\" class=\"emoji\" draggable=\"false\" src=\"https:\/\/s.w.org\/images\/core\/emoji\/11.2.0\/svg\/1f4de.svg\" alt=\"\ud83d\udcde\" \/>\u00a0Tel\/Whatsapp\u00a0\u00a0<a href=\"tel: 1-809-720-6035\">+1-809-720-6035<\/a>.<\/p>\n<p><img decoding=\"async\" class=\"emoji\" draggable=\"false\" src=\"https:\/\/s.w.org\/images\/core\/emoji\/11.2.0\/svg\/1f4e9.svg\" alt=\"\ud83d\udce9\" \/>\u00a0<a href=\"mailto:info@bookingadventures.com.do\">info@bookingadventures.com.do<\/a><\/p>\n<p><strong>Whatsapp ile \u00d6zel Turlar\u0131 Esnek Ayarl\u0131yoruz:\u00a0<a href=\"tel: 18097206035\">+18097206035.<\/a><\/strong><\/p>\n\n\t\t<\/div>\n\t<\/div>\n<div class=\"vc_empty_space\"   style=\"height: 32px\"><span class=\"vc_empty_space_inner\"><\/span><\/div><\/div><\/div><\/div><\/div>","protected":false},"excerpt":{"rendered":"<p>Hiking 4 Hours Los Haitises National Park with a Local Tour guide from Sabana de la mar. Visiting the Rain forest, Coconuts, Coffe and Cacao areas. Learning about the original history from Los Haitises National Park.<\/p>\n<p>&nbsp;<\/p>\n<p><strong>Please Select the date for The Hiking Trip:<\/strong><\/p>","protected":false},"featured_media":535,"template":"","meta":[],"product_brand":[],"product_cat":[96,123,124],"product_tag":[341,206,129,130,221,414,415,133,416,215,217,417,223,114,418,148,143,419],"class_list":{"0":"post-11352","1":"product","2":"type-product","3":"status-publish","4":"has-post-thumbnail","6":"product_cat-hiking","7":"product_cat-tours-excursions-los-haitises-national-park","8":"product_cat-tours-excursions-samana-bay-dominican-republic","9":"product_tag-cano-hondo-sabana-de-la-mar","10":"product_tag-caves-los-haitises","11":"product_tag-eco-tours","12":"product_tag-excursion","13":"product_tag-hiking-los-haitises","14":"product_tag-hiking-sabana-de-la-mar","15":"product_tag-hiking-samana","16":"product_tag-los-haitises-national-park","17":"product_tag-los-haitises-national-park-entrance-fee","18":"product_tag-los-haitises-national-park-tour-from-las-terrenas","19":"product_tag-los-haitises-national-park-tour-from-santo-domingo","20":"product_tag-los-haitises-national-park-weather","21":"product_tag-los-haitises-sabana-de-la-mar","22":"product_tag-sabana-de-la-mar","23":"product_tag-sabana-de-la-mar-tour","24":"product_tag-samana-excursions","25":"product_tag-samana-tours","26":"product_tag-secrets-of-los-haitises","28":"first","29":"instock","30":"sale","31":"sold-individually","32":"shipping-taxable","33":"product-type-external"},"_links":{"self":[{"href":"https:\/\/whalewatchingsamanasantuary.com\/tr\/wp-json\/wp\/v2\/product\/11352","targetHints":{"allow":["GET"]}}],"collection":[{"href":"https:\/\/whalewatchingsamanasantuary.com\/tr\/wp-json\/wp\/v2\/product"}],"about":[{"href":"https:\/\/whalewatchingsamanasantuary.com\/tr\/wp-json\/wp\/v2\/types\/product"}],"wp:featuredmedia":[{"embeddable":true,"href":"https:\/\/whalewatchingsamanasantuary.com\/tr\/wp-json\/wp\/v2\/media\/535"}],"wp:attachment":[{"href":"https:\/\/whalewatchingsamanasantuary.com\/tr\/wp-json\/wp\/v2\/media?parent=11352"}],"wp:term":[{"taxonomy":"product_brand","embeddable":true,"href":"https:\/\/whalewatchingsamanasantuary.com\/tr\/wp-json\/wp\/v2\/product_brand?post=11352"},{"taxonomy":"product_cat","embeddable":true,"href":"https:\/\/whalewatchingsamanasantuary.com\/tr\/wp-json\/wp\/v2\/product_cat?post=11352"},{"taxonomy":"product_tag","embeddable":true,"href":"https:\/\/whalewatchingsamanasantuary.com\/tr\/wp-json\/wp\/v2\/product_tag?post=11352"}],"curies":[{"name":"wp","href":"https:\/\/api.w.org\/{rel}","templated":true}]}}