{"id":11469,"date":"2021-10-15T07:23:50","date_gmt":"2021-10-15T07:23:50","guid":{"rendered":"https:\/\/haitises.com\/?post_type=product&#038;p=11469"},"modified":"2021-10-15T07:24:27","modified_gmt":"2021-10-15T07:24:27","slug":"altos-de-cano-hondo-free-breakfast-for-2-guests","status":"publish","type":"product","link":"https:\/\/whalewatchingsamanasantuary.com\/en\/private\/altos-de-cano-hondo-free-breakfast-for-2-guests\/","title":{"rendered":"Altos De Ca\u00f1o Hondo &amp; Free Breakfast for 2 Guests"},"content":{"rendered":"<div class=\"vc_row wpb_row vc_row-fluid\" ><div class=\"wpb_column vc_column_container vc_col-sm-12\"><div class=\"vc_column-inner\"><div class=\"wpb_wrapper\">\n\t<div class=\"wpb_text_column wpb_content_element\" >\n\t\t<div class=\"wpb_wrapper\">\n\t\t\t<p data-name-en=\"roomsize\"><strong>Free WiFi in the Room or Lobby,\u00a0<\/strong><strong>Free Parking, Daily Housekeeping<\/strong><\/p>\n<p data-name-en=\"roomsize\"><em>(Free Breakfast for 2 Guests)<\/em><\/p>\n<h4 class=\"hprt-lightbox-title\" data-et-view=\"ZdffZZLJbFcFbRAOAcEUJXDbNZRO:1\"><strong>In your bathroom:<\/strong><\/h4>\n<ul class=\"hprt-lightbox-list js-lightbox-facilities\" data-nr-of-facilities=\"4\" data-et-view=\"\">\n<li class=\"hprt-lightbox-list__item js-lightbox-facility\" data-name-en=\"Shower\" data-id=\"4\">- Shower<\/li>\n<li class=\"hprt-lightbox-list__item js-lightbox-facility\" data-name-en=\"Free Toiletries\" data-id=\"27\">- Free toiletries<\/li>\n<li class=\"hprt-lightbox-list__item js-lightbox-facility\" data-name-en=\"Bathroom\" data-id=\"38\">- Ensuite bathroom<\/li>\n<li class=\"hprt-lightbox-list__item js-lightbox-facility\" data-name-en=\"higher level toilet\" data-id=\"151\">- Raised toilet<\/li>\n<\/ul>\n<h4 class=\"hprt-lightbox-title\"><strong>Room facilities:<\/strong><\/h4>\n<ul class=\"hprt-lightbox-list js-lightbox-facilities\" data-nr-of-facilities=\"10\">\n<li style=\"list-style-type: none;\">\n<ul class=\"hprt-lightbox-list js-lightbox-facilities\" data-nr-of-facilities=\"10\">\n<li class=\"hprt-lightbox-list__item js-lightbox-facility\" data-name-en=\"Balcony\" data-id=\"17\">- Balcony<\/li>\n<li class=\"hprt-lightbox-list__item js-lightbox-facility\" data-name-en=\"Garden View\" data-id=\"110\">- Ocean view<\/li>\n<li class=\"hprt-lightbox-list__item js-lightbox-facility\" data-name-en=\"Fan\" data-id=\"30\">- Fan<\/li>\n<li class=\"hprt-lightbox-list__item js-lightbox-facility\" data-name-en=\"Tumble dryer (machine)\" data-id=\"94\">- Furniture<\/li>\n<li>- 2 Double beds<\/li>\n<li class=\"hprt-lightbox-list__item js-lightbox-facility\" data-name-en=\"Wardrobe\/Closet\" data-id=\"95\">- Wardrobe or closet<\/li>\n<\/ul>\n<\/li>\n<\/ul>\n<p>[read more]<\/p>\n<div>\n<h4><strong>Guest access:<\/strong><\/h4>\n<ul>\n<li>- 24-hour front desk<\/li>\n<li>- 16 smoke-free guestrooms<\/li>\n<li>- Restaurant and bar<\/li>\n<li>- Multilingual staff<\/li>\n<li>- A lazy river and 11 outdoor Natural Pools<\/li>\n<li>- Rooftop terrace<\/li>\n<li>- Garden<\/li>\n<li>- Picnic area<\/li>\n<li>- Daily housekeeping<\/li>\n<li>- Laundry service<\/li>\n<\/ul>\n<h2><strong><em>Room comforts:<\/em><\/strong><\/h2>\n<ul>\n<li>Ceiling fan<\/li>\n<li>Individually decorated<\/li>\n<li>Hair dryer (on request)<\/li>\n<li>Free bottled water<\/li>\n<li>Balcony<\/li>\n<li>Daily housekeeping<\/li>\n<li>24-hour front desk<\/li>\n<li>Beautiful view<\/li>\n<\/ul>\n<p>[\/read]<\/p>\n<hr \/>\n<h2>More Details About Ca\u00f1o Hondo:<\/h2>\n<h2><strong><em>Bonfire &amp; Camping<\/em><\/strong><\/h2>\n<p>Enjoy a nighttime bonfire under a blanket of stars... no light pollution just a dark night sky and the sounds of tropical forest life.<\/p>\n<p>In addition to great service, you can enjoy typical local food (fresh seafood) or outdoor activities and excursions with a Local Professional Tour Guide.<\/p>\n<p>Each of our 16 rooms is named after birds that can be found in the National park Los Haitises (there are around 110 species in the park). Above all the rooms are individually decorated, fully positive energy that brings on better stay at Ca\u00f1o Hondo. You can enjoy views of the San Lorenzo Bay and the Samana Bay!<\/p>\n<p>&nbsp;<\/p>\n<hr \/>\n<h2>Special offers Ca\u00f1o Hondo Activities &amp; Excursions<\/h2>\n<ul>\n<li>List of the Activities &amp; Excursions:<\/li>\n<li>Zip lining<\/li>\n<li>Rock wall climbing<\/li>\n<li>Horseback riding<\/li>\n<li>Hiking Trail in the National Park (2 or 4 hours, can be combined with kayaking)<\/li>\n<li>Kayaking (2 or 4 hours, can be combined with hiking)<\/li>\n<li>Guided Boat tours into Los Haitises visiting caves<\/li>\n<li>Whale watching (Season from Jan 15 - March 30)<\/li>\n<li>Guided Bird Watching<\/li>\n<li>Discover Los Haitises park on the canoe<\/li>\n<li>Cayo Levantado\/Bacardi Island<\/li>\n<li>Waterfalls El Limon<\/li>\n<li>Fronton Beach<\/li>\n<li>Devil&#039;s Mouth<\/li>\n<li>ATV + El Valle Beach<\/li>\n<\/ul>\n<p>We make a private or group Tours, combined packages which suit to our guests. For more information about activities and excursions, please contact us.<\/p>\n<h2><span class=\"_6ijom0\">Ca\u00f1o Hondo Guest access<\/span><\/h2>\n<p>What is around ...<\/p>\n<ol>\n<li>16 smoke-free guestrooms<\/li>\n<li>Restaurant and bar\/lounge<\/li>\n<li>Lazy river and 15 outdoor pools<\/li>\n<li>Free water park<\/li>\n<li>Rooftop terrace<\/li>\n<li>24-hour front desk<\/li>\n<li>Daily housekeeping<\/li>\n<li>Garden Views<\/li>\n<li>Laundry service<\/li>\n<li>Multilingual staff<\/li>\n<li>Concierge services<\/li>\n<li>Picnic area<\/li>\n<li>Free buffet breakfast, free WiFi in public areas and free parking<\/li>\n<\/ol>\n<\/div>\n\n\t\t<\/div>\n\t<\/div>\n<\/div><\/div><\/div><\/div><div class=\"vc_row wpb_row vc_row-fluid\" ><div class=\"wpb_column vc_column_container vc_col-sm-12\"><div class=\"vc_column-inner\"><div class=\"wpb_wrapper\">\n\t<div class=\"wpb_text_column wpb_content_element\" >\n\t\t<div class=\"wpb_wrapper\">\n\t\t\t<h2><em>Other Rooms Options<\/em><\/h2>\n<div id=\"gtx-trans\" style=\"position: absolute; left: -6px; top: 45.275px;\">\n<div class=\"gtx-trans-icon\"><\/div>\n<\/div>\n\n\t\t<\/div>\n\t<\/div>\n<\/div><\/div><\/div><\/div><div class=\"vc_row wpb_row vc_row-fluid\" ><div class=\"wpb_column vc_column_container vc_col-sm-12\"><div class=\"vc_column-inner\"><div class=\"wpb_wrapper\"><div class=\"woocommerce columns-3\"><ul class=\"products columns-3\">\n<li class=\"product type-product post-11916 status-publish first instock product_cat-1-samana product_cat-boat-trip-los-haitises product_cat-caves product_cat-hiking product_cat-kayaking product_cat-local-tour-guides product_cat-lunch product_cat-mangroves product_cat-natural-pools-los-haitises product_cat-swimming-natural-springs product_cat-tours-and-excursions product_cat-tours-excursions-los-haitises-national-park product_cat-tours-excursions-samana-bay-dominican-republic product_tag-cano-hondo product_tag-cano-hondo-hotel product_tag-cano-hondo-tours product_tag-day-tour-cano-hondo product_tag-los-haitises product_tag-los-haitises-national-park product_tag-mangroves-los-haitises product_tag-samana-bay product_tag-samana-excursions product_tag-samana-tours has-post-thumbnail sale sold-individually shipping-taxable product-type-external\">\n\t<div class=\"mkdf-pl-inner\"><div class=\"mkdf-pl-image\">\n\t<span class=\"mkdf-onsale\">SALE<\/span>\n\t<img loading=\"lazy\" decoding=\"async\" width=\"300\" height=\"300\" src=\"https:\/\/whalewatchingsamanasantuary.com\/wp-content\/uploads\/2020\/06\/cano-hondo-300x300.jpg\" class=\"attachment-woocommerce_thumbnail size-woocommerce_thumbnail\" alt=\"\" srcset=\"https:\/\/whalewatchingsamanasantuary.com\/wp-content\/uploads\/2020\/06\/cano-hondo-300x300.jpg 300w, https:\/\/whalewatchingsamanasantuary.com\/wp-content\/uploads\/2020\/06\/cano-hondo-100x100.jpg 100w, https:\/\/whalewatchingsamanasantuary.com\/wp-content\/uploads\/2020\/06\/cano-hondo-150x150.jpg 150w, https:\/\/whalewatchingsamanasantuary.com\/wp-content\/uploads\/2020\/06\/cano-hondo-550x550.jpg 550w\" sizes=\"auto, (max-width: 300px) 100vw, 300px\" \/><div class=\"mkdf-pl-text\"><div class=\"mkdf-pl-text-outer\"><div class=\"mkdf-pl-text-inner\"><a href=\"https:\/\/bookingadventures.tours\/booking.php?slug=Los_Haitises_National_Park__Lunch_at_Cao_Hondo_from_Sabana_de_la_Mar\" aria-describedby=\"woocommerce_loop_add_to_cart_link_describedby_11916\" data-quantity=\"1\" class=\"button product_type_external\" data-product_id=\"11916\" data-product_sku=\"\" aria-label=\"BOOK NOW\" rel=\"nofollow noopener\" target=\"_blank\">BOOK NOW<\/a>\t<span id=\"woocommerce_loop_add_to_cart_link_describedby_11916\" class=\"screen-reader-text\">\n\t\t\t<\/span>\n<\/div><\/div><\/div><\/div><a href=\"https:\/\/whalewatchingsamanasantuary.com\/en\/private\/haitises-piscina-tropical\/\" class=\"woocommerce-LoopProduct-link woocommerce-loop-product__link\"><\/a><\/div><div class=\"mkdf-pl-text-wrapper\"><h4 class=\"mkdf-product-list-title\"><a href=\"https:\/\/whalewatchingsamanasantuary.com\/en\/private\/haitises-piscina-tropical\/\">Haitises + Tropical pool<\/a><\/h4>\n\t<span class=\"price\"><del aria-hidden=\"true\"><span class=\"woocommerce-Price-amount amount\"><bdi><span class=\"woocommerce-Price-currencySymbol\">&#36;<\/span>150.00<\/bdi><\/span><\/del> <span class=\"screen-reader-text\">Original price was: &#036;150.00.<\/span><ins aria-hidden=\"true\"><span class=\"woocommerce-Price-amount amount\"><bdi><span class=\"woocommerce-Price-currencySymbol\">&#36;<\/span>97.50<\/bdi><\/span><\/ins><span class=\"screen-reader-text\">Current price is: &#036;97.50.<\/span><\/span>\n<\/div><\/li><li class=\"product type-product post-11912 status-publish instock product_cat-1-samana product_cat-boat-trip-los-haitises product_cat-tours-excursions-los-haitises-national-park product_cat-tours-excursions-samana-bay-dominican-republic product_tag-bacardi-island product_tag-bacardi-island-tours product_tag-birdwatching product_tag-boat-tour product_tag-caves-los-haitises product_tag-cayo-levantado product_tag-cayo-levantado-tour product_tag-eco-tours product_tag-excursiones-a-los-haitises-y-cayo-levantado product_tag-haitises-park-and-cayo-levantado-island product_tag-los-haitises product_tag-los-haitises-excursiones product_tag-los-haitises-excursions product_tag-los-haitises-mapa product_tag-los-haitises-mas-cayo-levantado product_tag-los-haitises-national-park product_tag-los-haitises-national-park-map product_tag-los-haitises-national-park-mas-cayo-levantado product_tag-los-haitises-national-park-tour-from-las-terrenas product_tag-los-haitises-national-park-tour-from-samana-port-bacardi-island-cayo-levantado product_tag-los-haitises-national-park-tour-from-santo-domingo product_tag-los-haitises-park-tour-cayo-levantado-island product_tag-los-haitises-samana product_tag-los-haitises-y-cayo-levantado product_tag-sabana-de-la-mar product_tag-samana product_tag-samana-excursions product_tag-samana-tours product_tag-tour-los-haitises-national-park-cayo-levantado has-post-thumbnail sale sold-individually shipping-taxable product-type-external\">\n\t<div class=\"mkdf-pl-inner\"><div class=\"mkdf-pl-image\">\n\t<span class=\"mkdf-onsale\">SALE<\/span>\n\t<img loading=\"lazy\" decoding=\"async\" width=\"274\" height=\"184\" src=\"https:\/\/whalewatchingsamanasantuary.com\/wp-content\/uploads\/2020\/06\/The-Haitises-National-Park-sand-cave.jpg\" class=\"attachment-woocommerce_thumbnail size-woocommerce_thumbnail\" alt=\"\" srcset=\"https:\/\/whalewatchingsamanasantuary.com\/wp-content\/uploads\/2020\/06\/The-Haitises-National-Park-sand-cave.jpg 274w, https:\/\/whalewatchingsamanasantuary.com\/wp-content\/uploads\/2020\/06\/The-Haitises-National-Park-sand-cave-64x43.jpg 64w\" sizes=\"auto, (max-width: 274px) 100vw, 274px\" \/><div class=\"mkdf-pl-text\"><div class=\"mkdf-pl-text-outer\"><div class=\"mkdf-pl-text-inner\"><a href=\"https:\/\/bookingadventures.tours\/booking.php?slug=SAMANA__LOS_HAITISES__CAYO_LEVANTADO\" aria-describedby=\"woocommerce_loop_add_to_cart_link_describedby_11912\" data-quantity=\"1\" class=\"button product_type_external\" data-product_id=\"11912\" data-product_sku=\"\" aria-label=\"BOOK NOW\" rel=\"nofollow noopener\" target=\"_blank\">BOOK NOW<\/a>\t<span id=\"woocommerce_loop_add_to_cart_link_describedby_11912\" class=\"screen-reader-text\">\n\t\t\t<\/span>\n<\/div><\/div><\/div><\/div><a href=\"https:\/\/whalewatchingsamanasantuary.com\/en\/private\/private-los-haitises-cayo-levantado-from-samana\/\" class=\"woocommerce-LoopProduct-link woocommerce-loop-product__link\"><\/a><\/div><div class=\"mkdf-pl-text-wrapper\"><h4 class=\"mkdf-product-list-title\"><a href=\"https:\/\/whalewatchingsamanasantuary.com\/en\/private\/private-los-haitises-cayo-levantado-from-samana\/\">Private: Los Haitises &amp; Cayo Levantado from Samana<\/a><\/h4>\n\t<span class=\"price\"><del aria-hidden=\"true\"><span class=\"woocommerce-Price-amount amount\"><bdi><span class=\"woocommerce-Price-currencySymbol\">&#36;<\/span>80.00<\/bdi><\/span><\/del> <span class=\"screen-reader-text\">Original price was: &#036;80.00.<\/span><ins aria-hidden=\"true\"><span class=\"woocommerce-Price-amount amount\"><bdi><span class=\"woocommerce-Price-currencySymbol\">&#36;<\/span>70.00<\/bdi><\/span><\/ins><span class=\"screen-reader-text\">Current price is: &#036;70.00.<\/span><\/span>\n<\/div><\/li><li class=\"product type-product post-11703 status-publish last instock product_cat-1-samana product_cat-boat-trip-los-haitises product_cat-cano-hondo product_cat-cano-hondo-2021 product_cat-los-haitises-national-park product_cat-natural-pools-los-haitises product_cat-tour-excursion product_cat-tours-excursions product_cat-tours-excursions-whale-watching-samana-bay-dominican-republic product_cat-whale-miches product_cat-whale-sabana-de-la-mar product_cat-whale-samana product_cat-whale-watching product_cat-whale-watching-puerto-plata product_cat-whale-watching-punta-cana product_cat-whale-watching-samana product_cat-whale-watching-samana-bay product_tag-bacardi-island product_tag-cano-hondo product_tag-cayo-levantado product_tag-los-haitises product_tag-samana product_tag-samana-tour product_tag-whale product_tag-whale-punta-cana product_tag-whale-sabana-de-la-mar product_tag-whale-samana product_tag-whale-watching-dominican-republic product_tag-whales-in-samana product_tag-whales-trips has-post-thumbnail sale shipping-taxable product-type-external\">\n\t<div class=\"mkdf-pl-inner\"><div class=\"mkdf-pl-image\">\n\t<span class=\"mkdf-onsale\">SALE<\/span>\n\t<img loading=\"lazy\" decoding=\"async\" width=\"300\" height=\"300\" src=\"https:\/\/whalewatchingsamanasantuary.com\/wp-content\/uploads\/2021\/04\/whales-123-300x300.jpg\" class=\"attachment-woocommerce_thumbnail size-woocommerce_thumbnail\" alt=\"\" srcset=\"https:\/\/whalewatchingsamanasantuary.com\/wp-content\/uploads\/2021\/04\/whales-123-300x300.jpg 300w, https:\/\/whalewatchingsamanasantuary.com\/wp-content\/uploads\/2021\/04\/whales-123-100x100.jpg 100w, https:\/\/whalewatchingsamanasantuary.com\/wp-content\/uploads\/2021\/04\/whales-123-150x150.jpg 150w, https:\/\/whalewatchingsamanasantuary.com\/wp-content\/uploads\/2021\/04\/whales-123-85x85.jpg 85w, https:\/\/whalewatchingsamanasantuary.com\/wp-content\/uploads\/2021\/04\/whales-123-550x550.jpg 550w\" sizes=\"auto, (max-width: 300px) 100vw, 300px\" \/><div class=\"mkdf-pl-text\"><div class=\"mkdf-pl-text-outer\"><div class=\"mkdf-pl-text-inner\"><a href=\"https:\/\/bookingadventures.tours\/booking.php?slug=Whale_Watching_Saman_Bay__Cao_Hondo__Los_Haitises_from_Saman_port\" aria-describedby=\"woocommerce_loop_add_to_cart_link_describedby_11703\" data-quantity=\"1\" class=\"button product_type_external\" data-product_id=\"11703\" data-product_sku=\"\" aria-label=\"BOOK NOW\" rel=\"nofollow noopener\" target=\"_blank\">BOOK NOW<\/a>\t<span id=\"woocommerce_loop_add_to_cart_link_describedby_11703\" class=\"screen-reader-text\">\n\t\t\t<\/span>\n<\/div><\/div><\/div><\/div><a href=\"https:\/\/whalewatchingsamanasantuary.com\/en\/private\/excursion-whale-watching-samana-bay-cano-hondo-los-haitises-from-samana-port-3\/\" class=\"woocommerce-LoopProduct-link woocommerce-loop-product__link\"><\/a><\/div><div class=\"mkdf-pl-text-wrapper\"><h4 class=\"mkdf-product-list-title\"><a href=\"https:\/\/whalewatchingsamanasantuary.com\/en\/private\/excursion-whale-watching-samana-bay-cano-hondo-los-haitises-from-samana-port-3\/\">Excursion Whale Watching Saman\u00e1 Bay + Ca\u00f1o Hondo + Los Haitises from Saman\u00e1 port<\/a><\/h4>\n\t<span class=\"price\"><del aria-hidden=\"true\"><span class=\"woocommerce-Price-amount amount\"><bdi><span class=\"woocommerce-Price-currencySymbol\">&#36;<\/span>150.00<\/bdi><\/span><\/del> <span class=\"screen-reader-text\">Original price was: &#036;150.00.<\/span><ins aria-hidden=\"true\"><span class=\"woocommerce-Price-amount amount\"><bdi><span class=\"woocommerce-Price-currencySymbol\">&#36;<\/span>140.00<\/bdi><\/span><\/ins><span class=\"screen-reader-text\">Current price is: &#036;140.00.<\/span><\/span>\n<\/div><\/li><\/ul>\n<\/div><\/div><\/div><\/div><\/div>","protected":false},"excerpt":{"rendered":"<h2><strong>Ca\u00f1o Hondo Hotel<\/strong><\/h2>\n<p><em>(Free Breakfast for 2 Guests)<\/em><\/p>\n<p>Eco-Lodge is magic, peaceful and original place where to stay. This natural and authentic hotel is located in the famous Los Haitises National Park in Sabana de la Mar. All our rooms are full of positive energy with amazing view to San Lorenzo Bay and the Samana Bay! Rooms have a private bathrooms with hot water and a ceiling fan. Breakfast is included, free drinking water and coffee are offered throughout the day. You can pick from our Meal plans as well.<br \/>\n[read more]<\/p>\n<h2><strong><em><span class=\"_6ijom0\">\u00a0Cano Hondo <\/span><\/em><\/strong><em><strong>Natural Swimming Pools<\/strong><\/em><\/h2>\n<p>Enjoy natural eco pools with healthy and refreshing water that blend beautifully into the landscape with your family or guests. The pools are totally biological with no need for chlorine or chemicals that develops its own natural ecology and balanced eco-system by being designed and built in a certain way.<\/p>\n<h2><em><strong>Ca\u00f1o Hondo Children Rules:<\/strong><\/em><\/h2>\n<p>-Children 2-10 years old pay the children rate<br \/>\n-Under 2 years old no charge<\/p>\n<h2><em><strong>Ca\u00f1o Hondo Restaurant:\u00a0<\/strong><\/em><\/h2>\n<p>There is a menu with numerous options for you to choose from. One beverage is also included per person with each meal. Alcoholic drinks are available for a fee as are additional beverages.<\/p>\n<p>The hotel's menu tells quirky tales of indigenous words and fabled stories of the area. It also highlights the regions typical dishes like crab, conch and minutas, a small fresh water fish that is enjoyed, locally, seasoned and fried. Fresh natural fruit juices are rotated daily: lime, melon, mango, tamarind, pineapple, etc.<br \/>\n[\/read]<\/p>","protected":false},"featured_media":11534,"template":"","meta":[],"product_brand":[],"product_cat":[558,560],"product_tag":[339,521,126,340,127,447,562,342],"class_list":{"0":"post-11469","1":"product","2":"type-product","3":"status-publish","4":"has-post-thumbnail","6":"product_cat-all-rooms","7":"product_cat-hotel-cano-hondo","8":"product_tag-altos-cano-hondo","9":"product_tag-altos-de-cano-hondo","10":"product_tag-cano-hondo","11":"product_tag-cano-hondo-day-pass","12":"product_tag-cano-hondo-hotel","13":"product_tag-hotel-cano-hondo","14":"product_tag-hotel-sabana-de-la-mar","15":"product_tag-paraiso-cano-hondo","17":"first","18":"instock","19":"shipping-taxable","20":"product-type-external"},"_links":{"self":[{"href":"https:\/\/whalewatchingsamanasantuary.com\/en\/wp-json\/wp\/v2\/product\/11469","targetHints":{"allow":["GET"]}}],"collection":[{"href":"https:\/\/whalewatchingsamanasantuary.com\/en\/wp-json\/wp\/v2\/product"}],"about":[{"href":"https:\/\/whalewatchingsamanasantuary.com\/en\/wp-json\/wp\/v2\/types\/product"}],"wp:featuredmedia":[{"embeddable":true,"href":"https:\/\/whalewatchingsamanasantuary.com\/en\/wp-json\/wp\/v2\/media\/11534"}],"wp:attachment":[{"href":"https:\/\/whalewatchingsamanasantuary.com\/en\/wp-json\/wp\/v2\/media?parent=11469"}],"wp:term":[{"taxonomy":"product_brand","embeddable":true,"href":"https:\/\/whalewatchingsamanasantuary.com\/en\/wp-json\/wp\/v2\/product_brand?post=11469"},{"taxonomy":"product_cat","embeddable":true,"href":"https:\/\/whalewatchingsamanasantuary.com\/en\/wp-json\/wp\/v2\/product_cat?post=11469"},{"taxonomy":"product_tag","embeddable":true,"href":"https:\/\/whalewatchingsamanasantuary.com\/en\/wp-json\/wp\/v2\/product_tag?post=11469"}],"curies":[{"name":"wp","href":"https:\/\/api.w.org\/{rel}","templated":true}]}}