{"id":548,"date":"2020-06-15T15:48:44","date_gmt":"2020-06-15T15:48:44","guid":{"rendered":"https:\/\/haitises.com\/?post_type=product&#038;p=548"},"modified":"2024-04-19T15:58:28","modified_gmt":"2024-04-19T15:58:28","slug":"parque-nacional-los-haitises-excursion-de-kayak-y-senderismo","status":"publish","type":"product","link":"https:\/\/whalewatchingsamanasantuary.com\/de\/private\/kajak-und-wanderausflug-zum-nationalpark-los-haitises\/","title":{"rendered":"Kajak- und Wanderausflug in den Nationalpark Los Haitises"},"content":{"rendered":"<div class=\"vc_row wpb_row vc_row-fluid\" ><div class=\"wpb_column vc_column_container vc_col-sm-12\"><div class=\"vc_column-inner\"><div class=\"wpb_wrapper\">\n\t<div class=\"wpb_text_column wpb_content_element\" >\n\t\t<div class=\"wpb_wrapper\">\n\t\t\t<h3>Beschreibung<\/h3>\n<p>Diese Wander- und Kajakroute beginnt am Hafen von Ca\u00f1o Hondo \/ Sabana de La Mar. Wir werden etwa 3 Stunden lang entlang des Wet Forest im Nationalpark Los Haitises wandern. Sie lernen etwas \u00fcber die Heilpflanzen dieser Gegend, sehen den prim\u00e4ren und sekund\u00e4ren Laubwald in den Bergen des Nationalparks Los Haitises und erreichen gleichzeitig die Quelle des Flusses Jivales, von wo aus das Wasser der nat\u00fcrlichen Becken des Eco- Lodge komm raus. Hondo Ca\u00f1o. Dann nehmen wir die n\u00f6tige Ausr\u00fcstung f\u00fcr Ihre Sicherheit (Schwimmwesten usw.), Kajaks und \u00fcberqueren die Mangroven. Sie werden einige Mangroven voller V\u00f6gel und sanfte H\u00fcgel mit \u00fcppigem Gr\u00fcn sehen. Durch die Mangroven und landen Sie in der offenen Bucht von San Lorenzo, von wo aus Sie die wunderbare Waldlandschaft fotografieren k\u00f6nnen.<\/p>\n<p>Nach diesem Erlebnis kehren Sie nach Cano Hondo oder Sabana de la Mar zur\u00fcck.<\/p>\n<ul>\n<li>Steuern inbegriffen<\/li>\n<li>Wanderausflug zum Nationalpark Los Haitises<\/li>\n<li>Der Guide bietet Anleitung und Betreuung.<\/li>\n<\/ul>\n<h3>Einschl\u00fcsse und Ausschl\u00fcsse<\/h3>\n<h4>Einschl\u00fcsse<\/h4>\n<ol>\n<li>Nationalpark Los Haitises<\/li>\n<li>Wanderung + Kajak<\/li>\n<li>Alle Steuern, Geb\u00fchren und Bearbeitungsgeb\u00fchren.<\/li>\n<li>Lokale Steuern<\/li>\n<li>Getr\u00e4nke<\/li>\n<li>Alle Aktivit\u00e4ten<\/li>\n<li>Lokaler F\u00fchrer<\/li>\n<\/ol>\n<h4>Ausschl\u00fcsse<\/h4>\n<ol>\n<li>Tipps<\/li>\n<li>Transport<\/li>\n<li>Mittagessen<\/li>\n<li>Alkoholische Getr\u00e4nke<\/li>\n<\/ol>\n<h3><em>Abreise und R\u00fcckkehr<\/em><\/h3>\n<p>Der Reisende erh\u00e4lt nach dem Buchungsvorgang einen Treffpunkt. Die Touren beginnen und enden an unseren Treffpunkten.<\/p>\n<h2>Wanderung + Kajakfahren im Nationalpark Los Haitises<\/h2>\n<h3><em>Was zu erwarten ist?<\/em><\/h3>\n<p>El nombre del parque nacional proviene de sus habitantes originales, los indios ta\u00ednos. En su idioma, \u00abHaitises\u00bb se traduce en tierras altas o colinas, una referencia a las empinadas formaciones geol\u00f3gicas de la costa con calizas. La actividad en Kayak es de 2 horas.<\/p>\n<p>Aprender sobre la historia y la naturaleza con gu\u00edas tur\u00edsticos locales que crecen como protectores y voluntarios ambientales dentro de esta \u00e1rea del proyecto. El recorrido, organizado por \u00abBooking Adventures\u00bb comienza en el punto de encuentro establecido con el gu\u00eda tur\u00edstico.<\/p>\n<p>Nach einem ersten Spaziergang durch Felder und Ackerland beginnen Sie mit der Wanderung durch den Kokosnuss- und Kakaowald. Seien Sie jede Minute im urspr\u00fcnglichen und einzigartigen Waldgebiet des Nationalparks Los Haitises. Kommen Sie mit Booking Adventures und entdecken Sie einige endemische Vogel-, S\u00e4ugetier- und Pflanzenarten, sanfte H\u00fcgel mit \u00fcppiger Vegetation und H\u00f6hlen des Nationalparks Los Haitises.<\/p>\n<p>El nombre del parque nacional proviene de sus habitantes originales, los indios ta\u00ednos. En su idioma, \u00abHaitises\u00bb se traduce en tierras altas o colinas, una referencia a las empinadas formaciones geol\u00f3gicas de la costa con calizas. Avent\u00farate en el parque para explorar cuevas como la Cueva de la Arena y la Cueva de la L\u00ednea. Puede combinar el recorrido en barco con el viaje de senderismo. Solo cont\u00e1ctenos.<\/p>\n<p>Die H\u00f6hlen im Reservat dienten den Ta\u00edno-Indianern und sp\u00e4ter versteckten Piraten als Unterschlupf. Halten Sie Ausschau nach Zeichnungen von Indianern, die einige W\u00e4nde schm\u00fccken. Im Regenwald gibt es mehr als 700 Pflanzenarten, wir versuchen den Besuchern auf dieser Wanderroute alle Heilpflanzen n\u00e4her zu bringen, die wir kennen.<\/p>\n<p>Lernen Sie, wandern Sie und genie\u00dfen Sie die wahre Natur des Nationalparks Los Haitises.<\/p>\n<h3><em>Was sollten Sie mitbringen?<\/em><\/h3>\n<ul>\n<li>Kamera<\/li>\n<li>Abwehrmittel<\/li>\n<li>Sonnenschutz<\/li>\n<li>Hut<\/li>\n<li>Bequeme Hose<\/li>\n<li>Waldwanderschuhe<\/li>\n<li>Sandalen zu Fr\u00fchlingsbereichen.<\/li>\n<li>Badeanzug<\/li>\n<\/ul>\n<h3><em>Abholung vom Hotel<\/em><\/h3>\n<p>F\u00fcr diese Tour wird keine Abholung vom Hotel angeboten. Nur wenn Sie im Cano Hondo Hotel oder in Hotels in der Gegend von Sabana de la Mar \u00fcbernachten.<\/p>\n<p><strong>Notiz<\/strong>: Wenn Sie innerhalb von 24 Stunden vor der Abfahrtszeit der Tour\/des Ausflugs buchen, k\u00f6nnen wir gegen Aufpreis eine Abholung vom Hotel von \u00fcberall in der Dominikanischen Republik arrangieren. Sobald Ihr Kauf abgeschlossen ist, senden wir Ihnen die vollst\u00e4ndigen Kontaktinformationen (Telefonnummer, E-Mail-Adresse usw.) f\u00fcr unseren \u00f6rtlichen Reiseleiter, um die Abholung zu vereinbaren.<\/p>\n<h3><em>Best\u00e4tigung zus\u00e4tzlicher Informationen<\/em><\/h3>\n<ol>\n<li>Die Tickets sind die Quittung nach der Bezahlung dieser Tour. Sie k\u00f6nnen die Zahlung auf Ihrem Telefon anzeigen.<\/li>\n<li>Der Treffpunkt wird Ihnen nach der Buchung mitgeteilt.<\/li>\n<li>Kinder m\u00fcssen von einem Erwachsenen begleitet werden.<\/li>\n<li>Nicht rollstuhlgerecht<\/li>\n<li>Kleinkinder sollten in Babyschalen oder bei ihren Eltern sitzen<\/li>\n<li>F\u00fcr Reisende mit R\u00fcckenproblemen nicht zu empfehlen.<\/li>\n<li>F\u00fcr schwangere Frauen nicht empfohlen.<\/li>\n<li>Keine Herzprobleme oder andere schwerwiegende Erkrankungen.<\/li>\n<li>Die meisten Reisenden k\u00f6nnen teilnehmen.<\/li>\n<\/ol>\n<h3><em>Annullierungspolitik<\/em><\/h3>\n<p>Um eine vollst\u00e4ndige R\u00fcckerstattung zu erhalten, stornieren Sie mindestens 24 Stunden vor Beginn des Erlebnisses. Das Geld geht verloren, wenn die Reservierung am selben Reisetag storniert wird.<\/p>\n<h2>Wandern und Kajakfahren im Regenwald<br \/>\nWanderung + Kajakfahren im Nationalpark Los Haitises<\/h2>\n<p>F\u00fcr dieses Erlebnis sind mindestens 2 Teilnehmer erforderlich. Wenn Sie noch nicht 2 Jahre alt sind, k\u00f6nnen Sie sich gerne an uns wenden!<\/p>\n<h3>Kontakt aufnehmen?<\/h3>\n<p><em>Abenteuer buchen<\/em><br \/>\nLokale und nationale Reiseleiter und G\u00e4steservice<\/p>\n<p>Reservierungen: F\u00fchrungen und Ausfl\u00fcge im Dom. Reps.<\/p>\n<p>\ud83d\udcde Tel\/WhatsApp +1-809-720-6035.<\/p>\n<p>\ud83d\udce9 info@bookingadventures.com.do<\/p>\n<p>Wir sind private Touren mit flexibler Konfiguration per WhatsApp: +18097206035.<\/p>\n\n\t\t<\/div>\n\t<\/div>\n<\/div><\/div><\/div><\/div>","protected":false},"excerpt":{"rendered":"<p>3-st\u00fcndiges Wandern und Kajakfahren in den Mangroven im Nationalpark Los Haitises mit einem lokalen F\u00fchrer aus Sabana de la Mar. Besuch der Regenwald-, Kokosnuss-, Kaffee- und Kakaogebiete. Erfahren Sie mehr \u00fcber die urspr\u00fcngliche Geschichte des Nationalparks Los Haitises.<\/p>\n<p><strong>W\u00e4hlen Sie den Termin f\u00fcr die Wanderreise:<\/strong><\/p>","protected":false},"featured_media":515,"template":"","meta":[],"product_brand":[],"product_cat":[356,96,443,123,124],"product_tag":[341,206,129,130,412,413,221,414,415,152,153,198,133,416,215,217,417,223,114,418,148,143,419],"class_list":{"0":"post-548","1":"product","2":"type-product","3":"status-publish","4":"has-post-thumbnail","6":"product_cat-day-trips","7":"product_cat-hiking","8":"product_cat-tours-y-excursiones-es","9":"product_cat-tours-excursions-los-haitises-national-park","10":"product_cat-tours-excursions-samana-bay-dominican-republic","11":"product_tag-cano-hondo-sabana-de-la-mar","12":"product_tag-caves-los-haitises","13":"product_tag-eco-tours","14":"product_tag-excursion","15":"product_tag-hike-kayak","16":"product_tag-hike-kayak-los-haitises-national-park","17":"product_tag-hiking-los-haitises","18":"product_tag-hiking-sabana-de-la-mar","19":"product_tag-hiking-samana","20":"product_tag-kayak-tour","21":"product_tag-kayaking","22":"product_tag-kayaking-los-haitises","23":"product_tag-los-haitises-national-park","24":"product_tag-los-haitises-national-park-entrance-fee","25":"product_tag-los-haitises-national-park-tour-from-las-terrenas","26":"product_tag-los-haitises-national-park-tour-from-santo-domingo","27":"product_tag-los-haitises-national-park-weather","28":"product_tag-los-haitises-sabana-de-la-mar","29":"product_tag-sabana-de-la-mar","30":"product_tag-sabana-de-la-mar-tour","31":"product_tag-samana-excursions","32":"product_tag-samana-tours","33":"product_tag-secrets-of-los-haitises","35":"first","36":"instock","37":"sale","38":"sold-individually","39":"shipping-taxable","40":"product-type-external"},"_links":{"self":[{"href":"https:\/\/whalewatchingsamanasantuary.com\/de\/wp-json\/wp\/v2\/product\/548","targetHints":{"allow":["GET"]}}],"collection":[{"href":"https:\/\/whalewatchingsamanasantuary.com\/de\/wp-json\/wp\/v2\/product"}],"about":[{"href":"https:\/\/whalewatchingsamanasantuary.com\/de\/wp-json\/wp\/v2\/types\/product"}],"wp:featuredmedia":[{"embeddable":true,"href":"https:\/\/whalewatchingsamanasantuary.com\/de\/wp-json\/wp\/v2\/media\/515"}],"wp:attachment":[{"href":"https:\/\/whalewatchingsamanasantuary.com\/de\/wp-json\/wp\/v2\/media?parent=548"}],"wp:term":[{"taxonomy":"product_brand","embeddable":true,"href":"https:\/\/whalewatchingsamanasantuary.com\/de\/wp-json\/wp\/v2\/product_brand?post=548"},{"taxonomy":"product_cat","embeddable":true,"href":"https:\/\/whalewatchingsamanasantuary.com\/de\/wp-json\/wp\/v2\/product_cat?post=548"},{"taxonomy":"product_tag","embeddable":true,"href":"https:\/\/whalewatchingsamanasantuary.com\/de\/wp-json\/wp\/v2\/product_tag?post=548"}],"curies":[{"name":"wp","href":"https:\/\/api.w.org\/{rel}","templated":true}]}}