{"id":11471,"date":"2021-10-15T07:23:50","date_gmt":"2021-10-15T07:23:50","guid":{"rendered":"https:\/\/haitises.com\/?post_type=product&#038;p=11471"},"modified":"2021-10-15T07:24:28","modified_gmt":"2021-10-15T07:24:28","slug":"altos-de-cano-hondo-free-breakfast-for-1-guest","status":"publish","type":"product","link":"https:\/\/whalewatchingsamanasantuary.com\/cs\/private\/altos-de-cano-hondo-free-breakfast-for-1-guest\/","title":{"rendered":"Altos De Ca\u00f1o Hondo a sn\u00eddan\u011b zdarma pro 1 osobu"},"content":{"rendered":"<div class=\"vc_row wpb_row vc_row-fluid\" ><div class=\"wpb_column vc_column_container vc_col-sm-12\"><div class=\"vc_column-inner\"><div class=\"wpb_wrapper\">\n\t<div class=\"wpb_text_column wpb_content_element\" >\n\t\t<div class=\"wpb_wrapper\">\n\t\t\t<p data-name-en=\"roomsize\"><strong>WiFi zdarma na pokoji nebo ve vstupn\u00ed hale,\u00a0<\/strong><strong>Parkov\u00e1n\u00ed zdarma, denn\u00ed \u00faklid<\/strong><\/p>\n<p data-name-en=\"roomsize\"><em>(sn\u00eddan\u011b zdarma pro 2 hosty)<\/em><\/p>\n<h4 class=\"hprt-lightbox-title\" data-et-view=\"ZdffZZLJbFcFbRAOAcEUJXDbNZRO:1\"><strong>Ve va\u0161\u00ed koupeln\u011b:<\/strong><\/h4>\n<ul class=\"hprt-lightbox-list js-lightbox-facilities\" data-nr-of-facilities=\"4\" data-et-view=\"\">\n<li class=\"hprt-lightbox-list__item js-lightbox-facility\" data-name-en=\"Shower\" data-id=\"4\">\u2022 Sprcha<\/li>\n<li class=\"hprt-lightbox-list__item js-lightbox-facility\" data-name-en=\"Free Toiletries\" data-id=\"27\">\u2022 Bezplatn\u00e9 toaletn\u00ed pot\u0159eby<\/li>\n<li class=\"hprt-lightbox-list__item js-lightbox-facility\" data-name-en=\"Bathroom\" data-id=\"38\">\u2022 Vlastn\u00ed koupelna<\/li>\n<li class=\"hprt-lightbox-list__item js-lightbox-facility\" data-name-en=\"higher level toilet\" data-id=\"151\">\u2022 Zv\u00fd\u0161en\u00e1 toaleta<\/li>\n<\/ul>\n<h4 class=\"hprt-lightbox-title\"><strong>Vybaven\u00ed pokoje:<\/strong><\/h4>\n<ul class=\"hprt-lightbox-list js-lightbox-facilities\" data-nr-of-facilities=\"10\">\n<li style=\"list-style-type: none;\">\n<ul class=\"hprt-lightbox-list js-lightbox-facilities\" data-nr-of-facilities=\"10\">\n<li class=\"hprt-lightbox-list__item js-lightbox-facility\" data-name-en=\"Balcony\" data-id=\"17\">\u2022 Balkon<\/li>\n<li class=\"hprt-lightbox-list__item js-lightbox-facility\" data-name-en=\"Garden View\" data-id=\"110\">\u2022Pohled na oce\u00e1n<\/li>\n<li class=\"hprt-lightbox-list__item js-lightbox-facility\" data-name-en=\"Fan\" data-id=\"30\">\u2022 Fanou\u0161ek<\/li>\n<li class=\"hprt-lightbox-list__item js-lightbox-facility\" data-name-en=\"Tumble dryer (machine)\" data-id=\"94\">\u2022N\u00e1bytek<\/li>\n<li>\u2022 2 man\u017eelsk\u00e9 postele<\/li>\n<li class=\"hprt-lightbox-list__item js-lightbox-facility\" data-name-en=\"Wardrobe\/Closet\" data-id=\"95\">\u2022 Sk\u0159\u00ed\u0148 nebo \u0161atna<\/li>\n<\/ul>\n<\/li>\n<\/ul>\n<p>[P\u0159e\u010dt\u011bte si v\u00edce]<\/p>\n<div>\n<h4><strong>P\u0159\u00edstup pro hosty:<\/strong><\/h4>\n<ul>\n<li>\u2022 24hodinov\u00e1 recepce<\/li>\n<li>\u2022 16 neku\u0159\u00e1ck\u00fdch pokoj\u016f<\/li>\n<li>\u2022 Restaurace a bar<\/li>\n<li>\u2022 V\u00edcejazy\u010dn\u00fd person\u00e1l<\/li>\n<li>\u2022 L\u00edn\u00e1 \u0159eka a 11 venkovn\u00edch p\u0159\u00edrodn\u00edch baz\u00e9n\u016f<\/li>\n<li>\u2022 St\u0159e\u0161n\u00ed terasa<\/li>\n<li>\u2022Zahrada<\/li>\n<li>\u2022 Are\u00e1l pro piknik<\/li>\n<li>\u2022 Denn\u00ed \u00faklid<\/li>\n<li>\u2022 Pr\u00e1delna<\/li>\n<\/ul>\n<h2><strong><em>Komfort pokoje:<\/em><\/strong><\/h2>\n<ul>\n<li>stropn\u00ed v\u011btr\u00e1k<\/li>\n<li>Individu\u00e1ln\u011b zdoben\u00e9<\/li>\n<li>vysou\u0161e\u010d vlas\u016f (na vy\u017e\u00e1d\u00e1n\u00ed)<\/li>\n<li>Balen\u00e1 voda zdarma<\/li>\n<li>Balk\u00f3n<\/li>\n<li>denn\u00ed \u00faklid<\/li>\n<li>24hodinov\u00e1 recepce<\/li>\n<li>N\u00e1dhern\u00fd v\u00fdhled<\/li>\n<\/ul>\n<p>[\/\u010d\u00edst]<\/p>\n<hr \/>\n<h2>Dal\u0161\u00ed podrobnosti o Ca\u00f1o Hondo:<\/h2>\n<h2><strong><em>T\u00e1bor\u00e1k a kempov\u00e1n\u00ed<\/em><\/strong><\/h2>\n<p>U\u017eijte si no\u010dn\u00ed t\u00e1bor\u00e1k pod p\u0159ikr\u00fdvkou hv\u011bzd\u2026 \u017e\u00e1dn\u00e9 sv\u011bteln\u00e9 zne\u010di\u0161t\u011bn\u00ed, jen tmav\u00e1 no\u010dn\u00ed obloha a zvuky tropick\u00e9ho pralesa.<\/p>\n<p>Krom\u011b skv\u011bl\u00fdch slu\u017eeb si m\u016f\u017eete vychutnat typick\u00e9 m\u00edstn\u00ed j\u00eddlo (\u010derstv\u00e9 mo\u0159sk\u00e9 plody) nebo venkovn\u00ed aktivity a v\u00fdlety s m\u00edstn\u00edm profesion\u00e1ln\u00edm turistick\u00fdm pr\u016fvodcem.<\/p>\n<p>Ka\u017ed\u00fd z na\u0161ich 16 pokoj\u016f je pojmenov\u00e1n po pt\u00e1c\u00edch, kte\u0159\u00ed se vyskytuj\u00ed v n\u00e1rodn\u00edm parku Los Haitises (v parku je asi 110 druh\u016f). P\u0159edev\u0161\u00edm pokoje jsou individu\u00e1ln\u011b zdoben\u00e9, pln\u011b pozitivn\u00ed energie, kter\u00e1 p\u0159in\u00e1\u0161\u00ed lep\u0161\u00ed pobyt v Ca\u00f1o Hondo. M\u016f\u017eete si vychutnat v\u00fdhled na z\u00e1liv San Lorenzo a z\u00e1liv Samana!<\/p>\n<p>&nbsp;<\/p>\n<hr \/>\n<h2>Speci\u00e1ln\u00ed nab\u00eddky Ca\u00f1o Hondo Activities &amp; Excursions<\/h2>\n<ul>\n<li>Seznam aktivit a v\u00fdlet\u016f:<\/li>\n<li>Pod\u0161\u00edvka na zip<\/li>\n<li>Lezen\u00ed na skaln\u00ed st\u011bn\u011b<\/li>\n<li>J\u00edzda na koni<\/li>\n<li>Turistick\u00e1 stezka v n\u00e1rodn\u00edm parku (2 nebo 4 hodiny, lze kombinovat s j\u00edzdou na kajaku)<\/li>\n<li>J\u00edzda na kajaku (2 nebo 4 hodiny, lze kombinovat s p\u011b\u0161\u00ed turistikou)<\/li>\n<li>V\u00fdlety lod\u00ed s pr\u016fvodcem do Los Haitises s n\u00e1v\u0161t\u011bvou jeskyn\u00ed<\/li>\n<li>Pozorov\u00e1n\u00ed velryb (sez\u00f3na od 15. ledna do 30. b\u0159ezna)<\/li>\n<li>\u0158\u00edzen\u00e9 pozorov\u00e1n\u00ed pt\u00e1k\u016f<\/li>\n<li>Objevte park Los Haitises na k\u00e1noi<\/li>\n<li>Cayo Levantado\/ostrov Bacardi<\/li>\n<li>Vodop\u00e1dy El Limon<\/li>\n<li>Pl\u00e1\u017e Fronton<\/li>\n<li>\u010e\u00e1blova \u00fasta<\/li>\n<li>ATV + pl\u00e1\u017e El Valle<\/li>\n<\/ul>\n<p>D\u011bl\u00e1me soukrom\u00e9 nebo skupinov\u00e9 z\u00e1jezdy, kombinovan\u00e9 bal\u00ed\u010dky, kter\u00e9 vyhovuj\u00ed na\u0161im host\u016fm. Pro v\u00edce informac\u00ed o aktivit\u00e1ch a v\u00fdletech n\u00e1s pros\u00edm kontaktujte.<\/p>\n<h2><span class=\"_6ijom0\">Ca\u00f1o Hondo P\u0159\u00edstup pro hosty<\/span><\/h2>\n<p>Co je kolem\u2026<\/p>\n<ol>\n<li>16 neku\u0159\u00e1ck\u00fdch pokoj\u016f<\/li>\n<li>Restaurace a bar\/salonek<\/li>\n<li>L\u00edn\u00e1 \u0159eka a 15 venkovn\u00edch baz\u00e9n\u016f<\/li>\n<li>Vodn\u00ed park zdarma<\/li>\n<li>St\u0159e\u0161n\u00ed terasa<\/li>\n<li>24hodinov\u00e1 recepce<\/li>\n<li>denn\u00ed \u00faklid<\/li>\n<li>V\u00fdhledy do zahrady<\/li>\n<li>Pr\u00e1delna<\/li>\n<li>V\u00edcejazy\u010dn\u00fd person\u00e1l<\/li>\n<li>Slu\u017eby concierge<\/li>\n<li>Are\u00e1l pro piknik<\/li>\n<li>Bezplatn\u00e1 sn\u00eddan\u011b formou bufetu, bezplatn\u00e9 Wi-Fi ve spole\u010dn\u00fdch prostor\u00e1ch a parkov\u00e1n\u00ed zdarma<\/li>\n<\/ol>\n<\/div>\n\n\t\t<\/div>\n\t<\/div>\n<\/div><\/div><\/div><\/div><div class=\"vc_row wpb_row vc_row-fluid\" ><div class=\"wpb_column vc_column_container vc_col-sm-12\"><div class=\"vc_column-inner\"><div class=\"wpb_wrapper\">\n\t<div class=\"wpb_text_column wpb_content_element\" >\n\t\t<div class=\"wpb_wrapper\">\n\t\t\t<h2><em>Dal\u0161\u00ed mo\u017enosti pokoje<\/em><\/h2>\n<div id=\"gtx-trans\" style=\"position: absolute; left: -6px; top: 45.275px;\">\n<div class=\"gtx-trans-icon\"><\/div>\n<\/div>\n\n\t\t<\/div>\n\t<\/div>\n<\/div><\/div><\/div><\/div><div class=\"vc_row wpb_row vc_row-fluid\" ><div class=\"wpb_column vc_column_container vc_col-sm-12\"><div class=\"vc_column-inner\"><div class=\"wpb_wrapper\"><div class=\"woocommerce columns-3\"><ul class=\"products columns-3\">\n<li class=\"product type-product post-11916 status-publish first instock product_cat-1-samana product_cat-boat-trip-los-haitises product_cat-caves product_cat-hiking product_cat-kayaking product_cat-local-tour-guides product_cat-lunch product_cat-mangroves product_cat-natural-pools-los-haitises product_cat-swimming-natural-springs product_cat-tours-and-excursions product_cat-tours-excursions-los-haitises-national-park product_cat-tours-excursions-samana-bay-dominican-republic product_tag-cano-hondo product_tag-cano-hondo-hotel product_tag-cano-hondo-tours product_tag-day-tour-cano-hondo product_tag-los-haitises product_tag-los-haitises-national-park product_tag-mangroves-los-haitises product_tag-samana-bay product_tag-samana-excursions product_tag-samana-tours has-post-thumbnail sale sold-individually shipping-taxable product-type-external\">\n\t<div class=\"mkdf-pl-inner\"><div class=\"mkdf-pl-image\">\n\t<span class=\"mkdf-onsale\">PRODEJ<\/span>\n\t<img loading=\"lazy\" decoding=\"async\" width=\"300\" height=\"300\" src=\"https:\/\/whalewatchingsamanasantuary.com\/wp-content\/uploads\/2020\/06\/cano-hondo-300x300.jpg\" class=\"attachment-woocommerce_thumbnail size-woocommerce_thumbnail\" alt=\"\" srcset=\"https:\/\/whalewatchingsamanasantuary.com\/wp-content\/uploads\/2020\/06\/cano-hondo-300x300.jpg 300w, https:\/\/whalewatchingsamanasantuary.com\/wp-content\/uploads\/2020\/06\/cano-hondo-100x100.jpg 100w, https:\/\/whalewatchingsamanasantuary.com\/wp-content\/uploads\/2020\/06\/cano-hondo-150x150.jpg 150w, https:\/\/whalewatchingsamanasantuary.com\/wp-content\/uploads\/2020\/06\/cano-hondo-550x550.jpg 550w\" sizes=\"auto, (max-width: 300px) 100vw, 300px\" \/><div class=\"mkdf-pl-text\"><div class=\"mkdf-pl-text-outer\"><div class=\"mkdf-pl-text-inner\"><a href=\"https:\/\/bookingadventures.tours\/booking.php?slug=Los_Haitises_National_Park__Lunch_at_Cao_Hondo_from_Sabana_de_la_Mar\" aria-describedby=\"woocommerce_loop_add_to_cart_link_describedby_11916\" data-quantity=\"1\" class=\"button product_type_external\" data-product_id=\"11916\" data-product_sku=\"\" aria-label=\"REZERVOVAT\" rel=\"nofollow noopener\" target=\"_blank\">REZERVOVAT<\/a>\t<span id=\"woocommerce_loop_add_to_cart_link_describedby_11916\" class=\"screen-reader-text\">\n\t\t\t<\/span>\n<\/div><\/div><\/div><\/div><a href=\"https:\/\/whalewatchingsamanasantuary.com\/cs\/private\/haitises-piscina-tropical\/\" class=\"woocommerce-LoopProduct-link woocommerce-loop-product__link\"><\/a><\/div><div class=\"mkdf-pl-text-wrapper\"><h4 class=\"mkdf-product-list-title\"><a href=\"https:\/\/whalewatchingsamanasantuary.com\/cs\/private\/haitises-piscina-tropical\/\">Haitises + Piscina tropical<\/a><\/h4>\n\t<span class=\"price\"><del aria-hidden=\"true\"><span class=\"woocommerce-Price-amount amount\"><bdi><span class=\"woocommerce-Price-currencySymbol\">&#36;<\/span>150.00<\/bdi><\/span><\/del> <span class=\"screen-reader-text\">Original price was: &#036;150.00.<\/span><ins aria-hidden=\"true\"><span class=\"woocommerce-Price-amount amount\"><bdi><span class=\"woocommerce-Price-currencySymbol\">&#36;<\/span>97.50<\/bdi><\/span><\/ins><span class=\"screen-reader-text\">Current price is: &#036;97.50.<\/span><\/span>\n<\/div><\/li><li class=\"product type-product post-11912 status-publish instock product_cat-1-samana product_cat-boat-trip-los-haitises product_cat-tours-excursions-los-haitises-national-park product_cat-tours-excursions-samana-bay-dominican-republic product_tag-bacardi-island product_tag-bacardi-island-tours product_tag-birdwatching product_tag-boat-tour product_tag-caves-los-haitises product_tag-cayo-levantado product_tag-cayo-levantado-tour product_tag-eco-tours product_tag-excursiones-a-los-haitises-y-cayo-levantado product_tag-haitises-park-and-cayo-levantado-island product_tag-los-haitises product_tag-los-haitises-excursiones product_tag-los-haitises-excursions product_tag-los-haitises-mapa product_tag-los-haitises-mas-cayo-levantado product_tag-los-haitises-national-park product_tag-los-haitises-national-park-map product_tag-los-haitises-national-park-mas-cayo-levantado product_tag-los-haitises-national-park-tour-from-las-terrenas product_tag-los-haitises-national-park-tour-from-samana-port-bacardi-island-cayo-levantado product_tag-los-haitises-national-park-tour-from-santo-domingo product_tag-los-haitises-park-tour-cayo-levantado-island product_tag-los-haitises-samana product_tag-los-haitises-y-cayo-levantado product_tag-sabana-de-la-mar product_tag-samana product_tag-samana-excursions product_tag-samana-tours product_tag-tour-los-haitises-national-park-cayo-levantado has-post-thumbnail sale sold-individually shipping-taxable product-type-external\">\n\t<div class=\"mkdf-pl-inner\"><div class=\"mkdf-pl-image\">\n\t<span class=\"mkdf-onsale\">PRODEJ<\/span>\n\t<img loading=\"lazy\" decoding=\"async\" width=\"274\" height=\"184\" src=\"https:\/\/whalewatchingsamanasantuary.com\/wp-content\/uploads\/2020\/06\/The-Haitises-National-Park-sand-cave.jpg\" class=\"attachment-woocommerce_thumbnail size-woocommerce_thumbnail\" alt=\"\" srcset=\"https:\/\/whalewatchingsamanasantuary.com\/wp-content\/uploads\/2020\/06\/The-Haitises-National-Park-sand-cave.jpg 274w, https:\/\/whalewatchingsamanasantuary.com\/wp-content\/uploads\/2020\/06\/The-Haitises-National-Park-sand-cave-64x43.jpg 64w\" sizes=\"auto, (max-width: 274px) 100vw, 274px\" \/><div class=\"mkdf-pl-text\"><div class=\"mkdf-pl-text-outer\"><div class=\"mkdf-pl-text-inner\"><a href=\"https:\/\/bookingadventures.tours\/booking.php?slug=SAMANA__LOS_HAITISES__CAYO_LEVANTADO\" aria-describedby=\"woocommerce_loop_add_to_cart_link_describedby_11912\" data-quantity=\"1\" class=\"button product_type_external\" data-product_id=\"11912\" data-product_sku=\"\" aria-label=\"REZERVOVAT\" rel=\"nofollow noopener\" target=\"_blank\">REZERVOVAT<\/a>\t<span id=\"woocommerce_loop_add_to_cart_link_describedby_11912\" class=\"screen-reader-text\">\n\t\t\t<\/span>\n<\/div><\/div><\/div><\/div><a href=\"https:\/\/whalewatchingsamanasantuary.com\/cs\/private\/private-los-haitises-cayo-levantado-from-samana\/\" class=\"woocommerce-LoopProduct-link woocommerce-loop-product__link\"><\/a><\/div><div class=\"mkdf-pl-text-wrapper\"><h4 class=\"mkdf-product-list-title\"><a href=\"https:\/\/whalewatchingsamanasantuary.com\/cs\/private\/private-los-haitises-cayo-levantado-from-samana\/\">Private: Los Haitises &#038; Cayo Levantado from Samana<\/a><\/h4>\n\t<span class=\"price\"><del aria-hidden=\"true\"><span class=\"woocommerce-Price-amount amount\"><bdi><span class=\"woocommerce-Price-currencySymbol\">&#36;<\/span>80.00<\/bdi><\/span><\/del> <span class=\"screen-reader-text\">Original price was: &#036;80.00.<\/span><ins aria-hidden=\"true\"><span class=\"woocommerce-Price-amount amount\"><bdi><span class=\"woocommerce-Price-currencySymbol\">&#36;<\/span>70.00<\/bdi><\/span><\/ins><span class=\"screen-reader-text\">Current price is: &#036;70.00.<\/span><\/span>\n<\/div><\/li><li class=\"product type-product post-11703 status-publish last instock product_cat-1-samana product_cat-boat-trip-los-haitises product_cat-cano-hondo product_cat-cano-hondo-2021 product_cat-los-haitises-national-park product_cat-natural-pools-los-haitises product_cat-tour-excursion product_cat-tours-excursions product_cat-tours-excursions-whale-watching-samana-bay-dominican-republic product_cat-whale-miches product_cat-whale-sabana-de-la-mar product_cat-whale-samana product_cat-whale-watching product_cat-whale-watching-puerto-plata product_cat-whale-watching-punta-cana product_cat-whale-watching-samana product_cat-whale-watching-samana-bay product_tag-bacardi-island product_tag-cano-hondo product_tag-cayo-levantado product_tag-los-haitises product_tag-samana product_tag-samana-tour product_tag-whale product_tag-whale-punta-cana product_tag-whale-sabana-de-la-mar product_tag-whale-samana product_tag-whale-watching-dominican-republic product_tag-whales-in-samana product_tag-whales-trips has-post-thumbnail sale shipping-taxable product-type-external\">\n\t<div class=\"mkdf-pl-inner\"><div class=\"mkdf-pl-image\">\n\t<span class=\"mkdf-onsale\">PRODEJ<\/span>\n\t<img loading=\"lazy\" decoding=\"async\" width=\"300\" height=\"300\" src=\"https:\/\/whalewatchingsamanasantuary.com\/wp-content\/uploads\/2021\/04\/whales-123-300x300.jpg\" class=\"attachment-woocommerce_thumbnail size-woocommerce_thumbnail\" alt=\"\" srcset=\"https:\/\/whalewatchingsamanasantuary.com\/wp-content\/uploads\/2021\/04\/whales-123-300x300.jpg 300w, https:\/\/whalewatchingsamanasantuary.com\/wp-content\/uploads\/2021\/04\/whales-123-100x100.jpg 100w, https:\/\/whalewatchingsamanasantuary.com\/wp-content\/uploads\/2021\/04\/whales-123-150x150.jpg 150w, https:\/\/whalewatchingsamanasantuary.com\/wp-content\/uploads\/2021\/04\/whales-123-85x85.jpg 85w, https:\/\/whalewatchingsamanasantuary.com\/wp-content\/uploads\/2021\/04\/whales-123-550x550.jpg 550w\" sizes=\"auto, (max-width: 300px) 100vw, 300px\" \/><div class=\"mkdf-pl-text\"><div class=\"mkdf-pl-text-outer\"><div class=\"mkdf-pl-text-inner\"><a href=\"https:\/\/bookingadventures.tours\/booking.php?slug=Whale_Watching_Saman_Bay__Cao_Hondo__Los_Haitises_from_Saman_port\" aria-describedby=\"woocommerce_loop_add_to_cart_link_describedby_11703\" data-quantity=\"1\" class=\"button product_type_external\" data-product_id=\"11703\" data-product_sku=\"\" aria-label=\"REZERVOVAT\" rel=\"nofollow noopener\" target=\"_blank\">REZERVOVAT<\/a>\t<span id=\"woocommerce_loop_add_to_cart_link_describedby_11703\" class=\"screen-reader-text\">\n\t\t\t<\/span>\n<\/div><\/div><\/div><\/div><a href=\"https:\/\/whalewatchingsamanasantuary.com\/cs\/private\/excursion-whale-watching-samana-bay-cano-hondo-los-haitises-from-samana-port-3\/\" class=\"woocommerce-LoopProduct-link woocommerce-loop-product__link\"><\/a><\/div><div class=\"mkdf-pl-text-wrapper\"><h4 class=\"mkdf-product-list-title\"><a href=\"https:\/\/whalewatchingsamanasantuary.com\/cs\/private\/excursion-whale-watching-samana-bay-cano-hondo-los-haitises-from-samana-port-3\/\">Exkurze Pozorov\u00e1n\u00ed velryb Saman\u00e1 Bay + Ca\u00f1o Hondo + Los Haitises z p\u0159\u00edstavu Saman\u00e1<\/a><\/h4>\n\t<span class=\"price\"><del aria-hidden=\"true\"><span class=\"woocommerce-Price-amount amount\"><bdi><span class=\"woocommerce-Price-currencySymbol\">&#36;<\/span>150.00<\/bdi><\/span><\/del> <span class=\"screen-reader-text\">Original price was: &#036;150.00.<\/span><ins aria-hidden=\"true\"><span class=\"woocommerce-Price-amount amount\"><bdi><span class=\"woocommerce-Price-currencySymbol\">&#36;<\/span>140.00<\/bdi><\/span><\/ins><span class=\"screen-reader-text\">Current price is: &#036;140.00.<\/span><\/span>\n<\/div><\/li><\/ul>\n<\/div><\/div><\/div><\/div><\/div>","protected":false},"excerpt":{"rendered":"<h2><strong>Hotel Cano Hondo<\/strong><\/h2>\n<p><em>(sn\u00eddan\u011b zdarma pro 1 hosta)<\/em><\/p>\n<p>Eco-Lodge je kouzeln\u00e9, klidn\u00e9 a origin\u00e1ln\u00ed m\u00edsto k pobytu. Tento p\u0159\u00edrodn\u00ed a autentick\u00fd hotel se nach\u00e1z\u00ed ve zn\u00e1m\u00e9m n\u00e1rodn\u00edm parku Los Haitises v Sabana de la Mar. V\u0161echny na\u0161e pokoje jsou pln\u00e9 pozitivn\u00ed energie s \u00fa\u017easn\u00fdm v\u00fdhledem na z\u00e1liv San Lorenzo a z\u00e1liv Samana! Pokoje maj\u00ed vlastn\u00ed koupelnu s teplou vodou a stropn\u00ed ventil\u00e1tor. V cen\u011b je zahrnuta sn\u00eddan\u011b, po cel\u00fd den je zdarma k dispozici pitn\u00e1 voda a k\u00e1va. M\u016f\u017eete si vybrat i z na\u0161ich j\u00eddeln\u00edch pl\u00e1n\u016f.<br \/>\n[P\u0159e\u010dt\u011bte si v\u00edce]<\/p>\n<h2><strong><em><span class=\"_6ijom0\">\u00a0Cano Hondo <\/span><\/em><\/strong><em><strong>P\u0159\u00edrodn\u00ed koupali\u0161t\u011b<\/strong><\/em><\/h2>\n<p>U\u017eijte si p\u0159\u00edrodn\u00ed eko baz\u00e9ny se zdravou a osv\u011b\u017euj\u00edc\u00ed vodou, kter\u00e9 kr\u00e1sn\u011b zapadnou do krajiny s va\u0161\u00ed rodinou nebo hosty. Baz\u00e9ny jsou zcela biologick\u00e9 bez pot\u0159eby chl\u00f3ru nebo chemik\u00e1li\u00ed, kter\u00e9 rozv\u00edjej\u00ed svou vlastn\u00ed p\u0159\u00edrodn\u00ed ekologii a vyv\u00e1\u017een\u00fd ekosyst\u00e9m t\u00edm, \u017ee jsou navr\u017eeny a postaveny ur\u010dit\u00fdm zp\u016fsobem.<\/p>\n<h2><em><strong>Pravidla pro d\u011bti Ca\u00f1o Hondo:<\/strong><\/em><\/h2>\n<p>-D\u011bti 2-10 let plat\u00ed d\u011btskou sazbu<br \/>\n- do 2 let bez poplatku<\/p>\n<h2><em><strong>Restaurace Cano Hondo:\u00a0<\/strong><\/em><\/h2>\n<p>K dispozici je nab\u00eddka s mnoha mo\u017enostmi, ze kter\u00fdch si m\u016f\u017eete vybrat. Ke ka\u017ed\u00e9mu j\u00eddlu je zahrnut tak\u00e9 jeden n\u00e1poj na osobu. Alkoholick\u00e9 n\u00e1poje jsou k dispozici za poplatek, stejn\u011b jako dal\u0161\u00ed n\u00e1poje.<\/p>\n<p>Hotelov\u00e9 menu vypr\u00e1v\u00ed sv\u00e9r\u00e1zn\u00e9 p\u0159\u00edb\u011bhy o domorod\u00fdch slovech a b\u00e1jn\u00e9 p\u0159\u00edb\u011bhy z t\u00e9to oblasti. Zv\u00fdraz\u0148uje tak\u00e9 typick\u00e9 pokrmy pro regiony, jako je kraba, lastura a minutka, mal\u00e1 sladkovodn\u00ed ryba, kter\u00e1 je m\u00edstn\u00ed, ko\u0159en\u011bn\u00e1 a sma\u017een\u00e1. \u010cerstv\u00e9 p\u0159\u00edrodn\u00ed ovocn\u00e9 \u0161\u0165\u00e1vy se denn\u011b st\u0159\u00eddaj\u00ed: limetka, meloun, mango, tamarind, ananas atd.<br \/>\n[\/\u010d\u00edst]<\/p>","protected":false},"featured_media":11495,"template":"","meta":[],"product_brand":[],"product_cat":[558,560],"product_tag":[339,521,126,340,127,447,562,342],"class_list":{"0":"post-11471","1":"product","2":"type-product","3":"status-publish","4":"has-post-thumbnail","6":"product_cat-all-rooms","7":"product_cat-hotel-cano-hondo","8":"product_tag-altos-cano-hondo","9":"product_tag-altos-de-cano-hondo","10":"product_tag-cano-hondo","11":"product_tag-cano-hondo-day-pass","12":"product_tag-cano-hondo-hotel","13":"product_tag-hotel-cano-hondo","14":"product_tag-hotel-sabana-de-la-mar","15":"product_tag-paraiso-cano-hondo","17":"first","18":"instock","19":"shipping-taxable","20":"product-type-external"},"_links":{"self":[{"href":"https:\/\/whalewatchingsamanasantuary.com\/cs\/wp-json\/wp\/v2\/product\/11471","targetHints":{"allow":["GET"]}}],"collection":[{"href":"https:\/\/whalewatchingsamanasantuary.com\/cs\/wp-json\/wp\/v2\/product"}],"about":[{"href":"https:\/\/whalewatchingsamanasantuary.com\/cs\/wp-json\/wp\/v2\/types\/product"}],"wp:featuredmedia":[{"embeddable":true,"href":"https:\/\/whalewatchingsamanasantuary.com\/cs\/wp-json\/wp\/v2\/media\/11495"}],"wp:attachment":[{"href":"https:\/\/whalewatchingsamanasantuary.com\/cs\/wp-json\/wp\/v2\/media?parent=11471"}],"wp:term":[{"taxonomy":"product_brand","embeddable":true,"href":"https:\/\/whalewatchingsamanasantuary.com\/cs\/wp-json\/wp\/v2\/product_brand?post=11471"},{"taxonomy":"product_cat","embeddable":true,"href":"https:\/\/whalewatchingsamanasantuary.com\/cs\/wp-json\/wp\/v2\/product_cat?post=11471"},{"taxonomy":"product_tag","embeddable":true,"href":"https:\/\/whalewatchingsamanasantuary.com\/cs\/wp-json\/wp\/v2\/product_tag?post=11471"}],"curies":[{"name":"wp","href":"https:\/\/api.w.org\/{rel}","templated":true}]}}