{"id":11465,"date":"2021-10-15T07:23:50","date_gmt":"2021-10-15T07:23:50","guid":{"rendered":"https:\/\/haitises.com\/?post_type=product&#038;p=11465"},"modified":"2021-10-15T07:24:07","modified_gmt":"2021-10-15T07:24:07","slug":"cano-hondo-hotel-room-free-breakfast-for-4-guests","status":"publish","type":"product","link":"https:\/\/whalewatchingsamanasantuary.com\/af\/private\/cano-hondo-hotel-room-free-breakfast-for-4-guests\/","title":{"rendered":"Ca\u00f1o Hondo Hotelkamer en gratis ontbyt vir 4 gaste"},"content":{"rendered":"<div class=\"vc_row wpb_row vc_row-fluid\" ><div class=\"wpb_column vc_column_container vc_col-sm-12\"><div class=\"vc_column-inner\"><div class=\"wpb_wrapper\">\n\t<div class=\"wpb_text_column wpb_content_element\" >\n\t\t<div class=\"wpb_wrapper\">\n\t\t\t<p data-name-en=\"roomsize\"><strong>Gratis WiFi in die kamer of voorportaal,\u00a0<\/strong><strong>Gratis parkering, Daaglikse skoonmaakdiens<\/strong><\/p>\n<p data-name-en=\"roomsize\"><em>(Gratis ontbyt vir 2 gaste)<\/em><\/p>\n<h4 class=\"hprt-lightbox-title\" data-et-view=\"ZdffZZLJbFcFbRAOAcEUJXDbNZRO:1\"><strong>In jou badkamer:<\/strong><\/h4>\n<ul class=\"hprt-lightbox-list js-lightbox-facilities\" data-nr-of-facilities=\"4\" data-et-view=\"\">\n<li class=\"hprt-lightbox-list__item js-lightbox-facility\" data-name-en=\"Shower\" data-id=\"4\">\u2022 Stort<\/li>\n<li class=\"hprt-lightbox-list__item js-lightbox-facility\" data-name-en=\"Free Toiletries\" data-id=\"27\">\u2022 Gratis toiletware<\/li>\n<li class=\"hprt-lightbox-list__item js-lightbox-facility\" data-name-en=\"Bathroom\" data-id=\"38\">\u2022 Ensuite badkamer<\/li>\n<li class=\"hprt-lightbox-list__item js-lightbox-facility\" data-name-en=\"higher level toilet\" data-id=\"151\">\u2022 Verhoogde toilet<\/li>\n<\/ul>\n<h4 class=\"hprt-lightbox-title\"><strong>Kamergeriewe:<\/strong><\/h4>\n<ul class=\"hprt-lightbox-list js-lightbox-facilities\" data-nr-of-facilities=\"10\">\n<li style=\"list-style-type: none;\">\n<ul class=\"hprt-lightbox-list js-lightbox-facilities\" data-nr-of-facilities=\"10\">\n<li class=\"hprt-lightbox-list__item js-lightbox-facility\" data-name-en=\"Balcony\" data-id=\"17\">\u2022 Balkon<\/li>\n<li class=\"hprt-lightbox-list__item js-lightbox-facility\" data-name-en=\"Garden View\" data-id=\"110\">\u2022Oseaan-uitsig<\/li>\n<li class=\"hprt-lightbox-list__item js-lightbox-facility\" data-name-en=\"Fan\" data-id=\"30\">\u2022 Fan<\/li>\n<li class=\"hprt-lightbox-list__item js-lightbox-facility\" data-name-en=\"Tumble dryer (machine)\" data-id=\"94\">\u2022Meubels<\/li>\n<li>\u2022 2 Dubbelbeddens<\/li>\n<li class=\"hprt-lightbox-list__item js-lightbox-facility\" data-name-en=\"Wardrobe\/Closet\" data-id=\"95\">\u2022 Klerekas of kas<\/li>\n<\/ul>\n<\/li>\n<\/ul>\n<p>[lees meer]<\/p>\n<div>\n<h4><strong>Gastoegang:<\/strong><\/h4>\n<ul>\n<li>\u2022 24-uur ontvangs<\/li>\n<li>\u2022 16 rookvrye gastekamers<\/li>\n<li>\u2022 Restaurant en kroeg<\/li>\n<li>\u2022 Meertalige personeel<\/li>\n<li>\u2022 &#039;n Lui rivier en 11 natuurlike swembaddens buite<\/li>\n<li>\u2022 Dakterras<\/li>\n<li>\u2022Tuin<\/li>\n<li>\u2022 Piekniekarea<\/li>\n<li>\u2022 Daaglikse huishouding<\/li>\n<li>\u2022 Droogskoonmaker diens<\/li>\n<\/ul>\n<h2><strong><em>Kamer geriewe:<\/em><\/strong><\/h2>\n<ul>\n<li>plafonwaaier<\/li>\n<li>Individueel versier<\/li>\n<li>Haardro\u00ebr (op aanvraag)<\/li>\n<li>Gratis gebottelde water<\/li>\n<li>Balkon<\/li>\n<li>daaglikse huishouding<\/li>\n<li>24-uur ontvangs<\/li>\n<li>Pragtige uitsig<\/li>\n<\/ul>\n<p>[\/lees]<\/p>\n<hr \/>\n<h2>Meer besonderhede oor Ca\u00f1o Hondo:<\/h2>\n<h2><strong><em>Vreugdevuur &amp; Kampering<\/em><\/strong><\/h2>\n<p>Geniet &#039;n nagvuur onder &#039;n kombers van sterre ... geen ligbesoedeling net &#039;n donker naghemel en die geluide van tropiese woudlewe.<\/p>\n<p>Benewens puik diens, kan jy tipiese plaaslike kos (vars seekos) of buitelugaktiwiteite en uitstappies saam met &#039;n plaaslike professionele toergids geniet.<\/p>\n<p>Elkeen van ons 16 kamers is vernoem na vo\u00ebls wat in die Nasionale Park Los Haitises gevind kan word (daar is ongeveer 110 spesies in die park). Bo alles is die kamers individueel versier, ten volle positiewe energie wat &#039;n beter verblyf by Ca\u00f1o Hondo bring. Jy kan uitsigte oor die San Lorenzobaai en die Samanabaai geniet!<\/p>\n<p>&nbsp;<\/p>\n<hr \/>\n<h2>Spesiale aanbiedinge Ca\u00f1o Hondo-aktiwiteite en -uitstappies<\/h2>\n<ul>\n<li>Lys van die aktiwiteite en uitstappies:<\/li>\n<li>Rits voering<\/li>\n<li>Rotsmuur klim<\/li>\n<li>Perdry<\/li>\n<li>Staproete in die Nasionale Park (2 of 4 uur, kan gekombineer word met kajak)<\/li>\n<li>Kajak (2 of 4 uur, kan gekombineer word met stap)<\/li>\n<li>Begeleide boottoere na Los Haitises wat grotte besoek<\/li>\n<li>Walviskyk (Seisoen van 15 Jan \u2013 30 Maart)<\/li>\n<li>Begeleide vo\u00eblkyk<\/li>\n<li>Ontdek Los Haitises-park op die kano<\/li>\n<li>Cayo Levantado\/Bacardi-eiland<\/li>\n<li>El Limon-watervalle<\/li>\n<li>Fronton Beach<\/li>\n<li>Duiwelsbek<\/li>\n<li>ATV + El Valle Beach<\/li>\n<\/ul>\n<p>Ons maak &#039;n privaat- of groeptoere, gekombineerde pakkette wat by ons gaste pas. Vir meer inligting oor aktiwiteite en uitstappies, kontak ons asseblief.<\/p>\n<h2><span class=\"_6ijom0\">Ca\u00f1o Hondo Gastetoegang<\/span><\/h2>\n<p>Wat is rondom...<\/p>\n<ol>\n<li>16 rookvrye gastekamers<\/li>\n<li>Restaurant en kroeg\/sitkamer<\/li>\n<li>Lui rivier en 15 buite swembaddens<\/li>\n<li>Gratis waterpark<\/li>\n<li>Dakterras<\/li>\n<li>24-uur ontvangs<\/li>\n<li>daaglikse huishouding<\/li>\n<li>Tuin Uitsigte<\/li>\n<li>Droogskoonmaker diens<\/li>\n<li>Meertalige personeel<\/li>\n<li>Concierge dienste<\/li>\n<li>Piekniek area<\/li>\n<li>Gratis buffet-ontbyt, gratis WiFi in openbare areas en gratis parkeerplek<\/li>\n<\/ol>\n<\/div>\n\n\t\t<\/div>\n\t<\/div>\n<\/div><\/div><\/div><\/div><div class=\"vc_row wpb_row vc_row-fluid\" ><div class=\"wpb_column vc_column_container vc_col-sm-12\"><div class=\"vc_column-inner\"><div class=\"wpb_wrapper\">\n\t<div class=\"wpb_text_column wpb_content_element\" >\n\t\t<div class=\"wpb_wrapper\">\n\t\t\t<h2><em>Ander kameropsies<\/em><\/h2>\n\n\t\t<\/div>\n\t<\/div>\n<\/div><\/div><\/div><\/div><div class=\"vc_row wpb_row vc_row-fluid\" ><div class=\"wpb_column vc_column_container vc_col-sm-12\"><div class=\"vc_column-inner\"><div class=\"wpb_wrapper\"><div class=\"woocommerce columns-3\"><ul class=\"products columns-3\">\n<li class=\"product type-product post-11916 status-publish first instock product_cat-1-samana product_cat-boat-trip-los-haitises product_cat-caves product_cat-hiking product_cat-kayaking product_cat-local-tour-guides product_cat-lunch product_cat-mangroves product_cat-natural-pools-los-haitises product_cat-swimming-natural-springs product_cat-tours-and-excursions product_cat-tours-excursions-los-haitises-national-park product_cat-tours-excursions-samana-bay-dominican-republic product_tag-cano-hondo product_tag-cano-hondo-hotel product_tag-cano-hondo-tours product_tag-day-tour-cano-hondo product_tag-los-haitises product_tag-los-haitises-national-park product_tag-mangroves-los-haitises product_tag-samana-bay product_tag-samana-excursions product_tag-samana-tours has-post-thumbnail sale sold-individually shipping-taxable product-type-external\">\n\t<div class=\"mkdf-pl-inner\"><div class=\"mkdf-pl-image\">\n\t<span class=\"mkdf-onsale\">SALE<\/span>\n\t<img loading=\"lazy\" decoding=\"async\" width=\"300\" height=\"300\" src=\"https:\/\/whalewatchingsamanasantuary.com\/wp-content\/uploads\/2020\/06\/cano-hondo-300x300.jpg\" class=\"attachment-woocommerce_thumbnail size-woocommerce_thumbnail\" alt=\"\" srcset=\"https:\/\/whalewatchingsamanasantuary.com\/wp-content\/uploads\/2020\/06\/cano-hondo-300x300.jpg 300w, https:\/\/whalewatchingsamanasantuary.com\/wp-content\/uploads\/2020\/06\/cano-hondo-100x100.jpg 100w, https:\/\/whalewatchingsamanasantuary.com\/wp-content\/uploads\/2020\/06\/cano-hondo-150x150.jpg 150w, https:\/\/whalewatchingsamanasantuary.com\/wp-content\/uploads\/2020\/06\/cano-hondo-550x550.jpg 550w\" sizes=\"auto, (max-width: 300px) 100vw, 300px\" \/><div class=\"mkdf-pl-text\"><div class=\"mkdf-pl-text-outer\"><div class=\"mkdf-pl-text-inner\"><a href=\"https:\/\/bookingadventures.tours\/booking.php?slug=Los_Haitises_National_Park__Lunch_at_Cao_Hondo_from_Sabana_de_la_Mar\" aria-describedby=\"woocommerce_loop_add_to_cart_link_describedby_11916\" data-quantity=\"1\" class=\"button product_type_external\" data-product_id=\"11916\" data-product_sku=\"\" aria-label=\"BESPREEK NOU\" rel=\"nofollow noopener\" target=\"_blank\">BESPREEK NOU<\/a>\t<span id=\"woocommerce_loop_add_to_cart_link_describedby_11916\" class=\"screen-reader-text\">\n\t\t\t<\/span>\n<\/div><\/div><\/div><\/div><a href=\"https:\/\/whalewatchingsamanasantuary.com\/af\/private\/haitises-piscina-tropical\/\" class=\"woocommerce-LoopProduct-link woocommerce-loop-product__link\"><\/a><\/div><div class=\"mkdf-pl-text-wrapper\"><h4 class=\"mkdf-product-list-title\"><a href=\"https:\/\/whalewatchingsamanasantuary.com\/af\/private\/haitises-piscina-tropical\/\">Haitises + Piscina tropical<\/a><\/h4>\n\t<span class=\"price\"><del aria-hidden=\"true\"><span class=\"woocommerce-Price-amount amount\"><bdi><span class=\"woocommerce-Price-currencySymbol\">&#36;<\/span>150.00<\/bdi><\/span><\/del> <span class=\"screen-reader-text\">Original price was: &#036;150.00.<\/span><ins aria-hidden=\"true\"><span class=\"woocommerce-Price-amount amount\"><bdi><span class=\"woocommerce-Price-currencySymbol\">&#36;<\/span>97.50<\/bdi><\/span><\/ins><span class=\"screen-reader-text\">Current price is: &#036;97.50.<\/span><\/span>\n<\/div><\/li><li class=\"product type-product post-11912 status-publish instock product_cat-1-samana product_cat-boat-trip-los-haitises product_cat-tours-excursions-los-haitises-national-park product_cat-tours-excursions-samana-bay-dominican-republic product_tag-bacardi-island product_tag-bacardi-island-tours product_tag-birdwatching product_tag-boat-tour product_tag-caves-los-haitises product_tag-cayo-levantado product_tag-cayo-levantado-tour product_tag-eco-tours product_tag-excursiones-a-los-haitises-y-cayo-levantado product_tag-haitises-park-and-cayo-levantado-island product_tag-los-haitises product_tag-los-haitises-excursiones product_tag-los-haitises-excursions product_tag-los-haitises-mapa product_tag-los-haitises-mas-cayo-levantado product_tag-los-haitises-national-park product_tag-los-haitises-national-park-map product_tag-los-haitises-national-park-mas-cayo-levantado product_tag-los-haitises-national-park-tour-from-las-terrenas product_tag-los-haitises-national-park-tour-from-samana-port-bacardi-island-cayo-levantado product_tag-los-haitises-national-park-tour-from-santo-domingo product_tag-los-haitises-park-tour-cayo-levantado-island product_tag-los-haitises-samana product_tag-los-haitises-y-cayo-levantado product_tag-sabana-de-la-mar product_tag-samana product_tag-samana-excursions product_tag-samana-tours product_tag-tour-los-haitises-national-park-cayo-levantado has-post-thumbnail sale sold-individually shipping-taxable product-type-external\">\n\t<div class=\"mkdf-pl-inner\"><div class=\"mkdf-pl-image\">\n\t<span class=\"mkdf-onsale\">SALE<\/span>\n\t<img loading=\"lazy\" decoding=\"async\" width=\"274\" height=\"184\" src=\"https:\/\/whalewatchingsamanasantuary.com\/wp-content\/uploads\/2020\/06\/The-Haitises-National-Park-sand-cave.jpg\" class=\"attachment-woocommerce_thumbnail size-woocommerce_thumbnail\" alt=\"\" srcset=\"https:\/\/whalewatchingsamanasantuary.com\/wp-content\/uploads\/2020\/06\/The-Haitises-National-Park-sand-cave.jpg 274w, https:\/\/whalewatchingsamanasantuary.com\/wp-content\/uploads\/2020\/06\/The-Haitises-National-Park-sand-cave-64x43.jpg 64w\" sizes=\"auto, (max-width: 274px) 100vw, 274px\" \/><div class=\"mkdf-pl-text\"><div class=\"mkdf-pl-text-outer\"><div class=\"mkdf-pl-text-inner\"><a href=\"https:\/\/bookingadventures.tours\/booking.php?slug=SAMANA__LOS_HAITISES__CAYO_LEVANTADO\" aria-describedby=\"woocommerce_loop_add_to_cart_link_describedby_11912\" data-quantity=\"1\" class=\"button product_type_external\" data-product_id=\"11912\" data-product_sku=\"\" aria-label=\"BESPREEK NOU\" rel=\"nofollow noopener\" target=\"_blank\">BESPREEK NOU<\/a>\t<span id=\"woocommerce_loop_add_to_cart_link_describedby_11912\" class=\"screen-reader-text\">\n\t\t\t<\/span>\n<\/div><\/div><\/div><\/div><a href=\"https:\/\/whalewatchingsamanasantuary.com\/af\/private\/private-los-haitises-cayo-levantado-from-samana\/\" class=\"woocommerce-LoopProduct-link woocommerce-loop-product__link\"><\/a><\/div><div class=\"mkdf-pl-text-wrapper\"><h4 class=\"mkdf-product-list-title\"><a href=\"https:\/\/whalewatchingsamanasantuary.com\/af\/private\/private-los-haitises-cayo-levantado-from-samana\/\">Private: Los Haitises &#038; Cayo Levantado from Samana<\/a><\/h4>\n\t<span class=\"price\"><del aria-hidden=\"true\"><span class=\"woocommerce-Price-amount amount\"><bdi><span class=\"woocommerce-Price-currencySymbol\">&#36;<\/span>80.00<\/bdi><\/span><\/del> <span class=\"screen-reader-text\">Original price was: &#036;80.00.<\/span><ins aria-hidden=\"true\"><span class=\"woocommerce-Price-amount amount\"><bdi><span class=\"woocommerce-Price-currencySymbol\">&#36;<\/span>70.00<\/bdi><\/span><\/ins><span class=\"screen-reader-text\">Current price is: &#036;70.00.<\/span><\/span>\n<\/div><\/li><li class=\"product type-product post-11703 status-publish last instock product_cat-1-samana product_cat-boat-trip-los-haitises product_cat-cano-hondo product_cat-cano-hondo-2021 product_cat-los-haitises-national-park product_cat-natural-pools-los-haitises product_cat-tour-excursion product_cat-tours-excursions product_cat-tours-excursions-whale-watching-samana-bay-dominican-republic product_cat-whale-miches product_cat-whale-sabana-de-la-mar product_cat-whale-samana product_cat-whale-watching product_cat-whale-watching-puerto-plata product_cat-whale-watching-punta-cana product_cat-whale-watching-samana product_cat-whale-watching-samana-bay product_tag-bacardi-island product_tag-cano-hondo product_tag-cayo-levantado product_tag-los-haitises product_tag-samana product_tag-samana-tour product_tag-whale product_tag-whale-punta-cana product_tag-whale-sabana-de-la-mar product_tag-whale-samana product_tag-whale-watching-dominican-republic product_tag-whales-in-samana product_tag-whales-trips has-post-thumbnail sale shipping-taxable product-type-external\">\n\t<div class=\"mkdf-pl-inner\"><div class=\"mkdf-pl-image\">\n\t<span class=\"mkdf-onsale\">SALE<\/span>\n\t<img loading=\"lazy\" decoding=\"async\" width=\"300\" height=\"300\" src=\"https:\/\/whalewatchingsamanasantuary.com\/wp-content\/uploads\/2021\/04\/whales-123-300x300.jpg\" class=\"attachment-woocommerce_thumbnail size-woocommerce_thumbnail\" alt=\"\" srcset=\"https:\/\/whalewatchingsamanasantuary.com\/wp-content\/uploads\/2021\/04\/whales-123-300x300.jpg 300w, https:\/\/whalewatchingsamanasantuary.com\/wp-content\/uploads\/2021\/04\/whales-123-100x100.jpg 100w, https:\/\/whalewatchingsamanasantuary.com\/wp-content\/uploads\/2021\/04\/whales-123-150x150.jpg 150w, https:\/\/whalewatchingsamanasantuary.com\/wp-content\/uploads\/2021\/04\/whales-123-85x85.jpg 85w, https:\/\/whalewatchingsamanasantuary.com\/wp-content\/uploads\/2021\/04\/whales-123-550x550.jpg 550w\" sizes=\"auto, (max-width: 300px) 100vw, 300px\" \/><div class=\"mkdf-pl-text\"><div class=\"mkdf-pl-text-outer\"><div class=\"mkdf-pl-text-inner\"><a href=\"https:\/\/bookingadventures.tours\/booking.php?slug=Whale_Watching_Saman_Bay__Cao_Hondo__Los_Haitises_from_Saman_port\" aria-describedby=\"woocommerce_loop_add_to_cart_link_describedby_11703\" data-quantity=\"1\" class=\"button product_type_external\" data-product_id=\"11703\" data-product_sku=\"\" aria-label=\"BESPREEK NOU\" rel=\"nofollow noopener\" target=\"_blank\">BESPREEK NOU<\/a>\t<span id=\"woocommerce_loop_add_to_cart_link_describedby_11703\" class=\"screen-reader-text\">\n\t\t\t<\/span>\n<\/div><\/div><\/div><\/div><a href=\"https:\/\/whalewatchingsamanasantuary.com\/af\/private\/excursion-whale-watching-samana-bay-cano-hondo-los-haitises-from-samana-port-3\/\" class=\"woocommerce-LoopProduct-link woocommerce-loop-product__link\"><\/a><\/div><div class=\"mkdf-pl-text-wrapper\"><h4 class=\"mkdf-product-list-title\"><a href=\"https:\/\/whalewatchingsamanasantuary.com\/af\/private\/excursion-whale-watching-samana-bay-cano-hondo-los-haitises-from-samana-port-3\/\">Uitstappie Walviskyk Saman\u00e1baai + Ca\u00f1o Hondo + Los Haitises vanaf Saman\u00e1 hawe<\/a><\/h4>\n\t<span class=\"price\"><del aria-hidden=\"true\"><span class=\"woocommerce-Price-amount amount\"><bdi><span class=\"woocommerce-Price-currencySymbol\">&#36;<\/span>150.00<\/bdi><\/span><\/del> <span class=\"screen-reader-text\">Original price was: &#036;150.00.<\/span><ins aria-hidden=\"true\"><span class=\"woocommerce-Price-amount amount\"><bdi><span class=\"woocommerce-Price-currencySymbol\">&#36;<\/span>140.00<\/bdi><\/span><\/ins><span class=\"screen-reader-text\">Current price is: &#036;140.00.<\/span><\/span>\n<\/div><\/li><\/ul>\n<\/div><\/div><\/div><\/div><\/div>","protected":false},"excerpt":{"rendered":"<h2><strong>Cano Hondo Hotel<\/strong><\/h2>\n<p><em>(Free Breakfast for 4 Guests)<\/em><\/p>\n<p>Eco-Lodge is &#039;n magiese, rustige en oorspronklike plek waar om te bly. Hierdie natuurlike en outentieke hotel is in die bekende Los Haitises Nasionale Park in Sabana de la Mar gele\u00eb. Al ons kamers is vol positiewe energie met ongelooflike uitsigte oor San Lorenzobaai en die Samanabaai! Die kamers het &#039;n privaat badkamer met warm water en &#039;n plafonwaaier. Ontbyt is ingesluit, gratis drinkwater en koffie word deur die dag aangebied. Jy kan ook kies uit ons maaltydplanne.<br \/>\n[lees meer]<\/p>\n<h2><strong><em><span class=\"_6ijom0\">\u00a0Kano Hondo <\/span><\/em><\/strong><em><strong>Natuurlike swembaddens<\/strong><\/em><\/h2>\n<p>Geniet natuurlike eko-swembaddens met gesonde en verfrissende water wat saam met jou gesin of gaste pragtig in die landskap inpas. Die swembaddens is totaal biologies met geen behoefte aan chloor of chemikalie\u00eb nie wat sy eie natuurlike ekologie en gebalanseerde ekosisteem ontwikkel deur op &#039;n sekere manier ontwerp en gebou te word.<\/p>\n<h2><em><strong>Ca\u00f1o Hondo Kinderre\u00ebls:<\/strong><\/em><\/h2>\n<p>-Kinders 2-10 jaar oud betaal die kindertarief<br \/>\n-Onder 2 jaar oud gratis<\/p>\n<h2><em><strong>Cano Hondo Restaurant:\u00a0<\/strong><\/em><\/h2>\n<p>Daar is &#039;n spyskaart met talle opsies waaruit jy kan kies. Een drankie is ook per persoon by elke ete ingesluit. Alkoholiese drankies is beskikbaar teen &#039;n fooi, asook bykomende drankies.<\/p>\n<p>Die hotel se spyskaart vertel eienaardige verhale van inheemse woorde en fabelstories van die area. Dit beklemtoon ook die streek se tipiese geregte soos krap, konka en minutas, &#039;n klein varswatervis wat plaaslik geniet, gekruide en gebraai word. Vars natuurlike vrugtesappe word daagliks geroteer: lemmetjie, spanspek, mango, tamarind, pynappel, ens.<br \/>\n[\/lees]<\/p>","protected":false},"featured_media":11497,"template":"","meta":[],"product_brand":[],"product_cat":[558,560,561],"product_tag":[339,521,126,340,127,447,562,342],"class_list":{"0":"post-11465","1":"product","2":"type-product","3":"status-publish","4":"has-post-thumbnail","6":"product_cat-all-rooms","7":"product_cat-hotel-cano-hondo","8":"product_cat-room-offers","9":"product_tag-altos-cano-hondo","10":"product_tag-altos-de-cano-hondo","11":"product_tag-cano-hondo","12":"product_tag-cano-hondo-day-pass","13":"product_tag-cano-hondo-hotel","14":"product_tag-hotel-cano-hondo","15":"product_tag-hotel-sabana-de-la-mar","16":"product_tag-paraiso-cano-hondo","18":"first","19":"instock","20":"shipping-taxable","21":"product-type-external"},"_links":{"self":[{"href":"https:\/\/whalewatchingsamanasantuary.com\/af\/wp-json\/wp\/v2\/product\/11465","targetHints":{"allow":["GET"]}}],"collection":[{"href":"https:\/\/whalewatchingsamanasantuary.com\/af\/wp-json\/wp\/v2\/product"}],"about":[{"href":"https:\/\/whalewatchingsamanasantuary.com\/af\/wp-json\/wp\/v2\/types\/product"}],"wp:featuredmedia":[{"embeddable":true,"href":"https:\/\/whalewatchingsamanasantuary.com\/af\/wp-json\/wp\/v2\/media\/11497"}],"wp:attachment":[{"href":"https:\/\/whalewatchingsamanasantuary.com\/af\/wp-json\/wp\/v2\/media?parent=11465"}],"wp:term":[{"taxonomy":"product_brand","embeddable":true,"href":"https:\/\/whalewatchingsamanasantuary.com\/af\/wp-json\/wp\/v2\/product_brand?post=11465"},{"taxonomy":"product_cat","embeddable":true,"href":"https:\/\/whalewatchingsamanasantuary.com\/af\/wp-json\/wp\/v2\/product_cat?post=11465"},{"taxonomy":"product_tag","embeddable":true,"href":"https:\/\/whalewatchingsamanasantuary.com\/af\/wp-json\/wp\/v2\/product_tag?post=11465"}],"curies":[{"name":"wp","href":"https:\/\/api.w.org\/{rel}","templated":true}]}}